{"id":2283,"date":"2020-05-08T11:52:07","date_gmt":"2020-05-08T11:52:07","guid":{"rendered":"https:\/\/qware-banking.com\/?page_id=2283"},"modified":"2020-10-07T11:09:08","modified_gmt":"2020-10-07T11:09:08","slug":"scoring-module","status":"publish","type":"page","link":"https:\/\/qware-banking.com\/es\/scoring-module\/","title":{"rendered":"Puntuaci\u00f3n financiera"},"content":{"rendered":"<div id=\"fws_69e16611a09f7\" class=\"vc_row wpb_row vc_row-fluid  animate_onoffset row-dynamic-el standard_section\" style=\"\" ><div  style=\"position: absolute;top: 0;\"><\/div><div class=\"container  dark\"><div class=\"section_clear\">\n\t<div class=\"vc_col-sm-8 wpb_column column_container\" style=\"\" data-animation=\"none\" data-delay=\"\">\n\t\t\t<div class=\"wpb_wrapper\">\n\t\t\t\t\n\t<div class=\"wpb_text_column wpb_content_element\">\n\t\t<div class=\"wpb_wrapper\" >\n\t\t\t<p>The scoring module calculates the rating of the customer based on quantitative and qualitative information, offering benefits like support of the decision making with a unified approach, as well as usage in LLP calculation.<\/p>\n\n\t\t<\/div> \n\t<\/div> \n\t<div class=\"wpb_text_column wpb_content_element\">\n\t\t<div class=\"wpb_wrapper\" >\n\t\t\t<p><span style=\"color: #000000;\"><strong>1- Qualitative Data: Ask questions<\/strong><\/span><\/p>\n\n\t\t<\/div> \n\t<\/div> <div class=\"wpb_content_element media_align_left media media_el animate_onoffset\"><div class=\"media_wrapper\" ><img src=\"\/wp-content\/uploads\/2020\/10\/qualitative-data.png\" alt=\"Alt Text\" class=\"type_image animated fadeInnone alignment_left\" \/><\/div><\/div>\n\t<div class=\"wpb_text_column wpb_content_element\">\n\t\t<div class=\"wpb_wrapper\" >\n\t\t\t<p><span style=\"color: #000000;\"><strong>2- Quantitative Data: Analyze financials<\/strong><\/span><\/p>\n\n\t\t<\/div> \n\t<\/div> <div class=\"wpb_content_element media_align_left media media_el animate_onoffset\"><div class=\"media_wrapper\" ><img src=\"\/wp-content\/uploads\/2020\/10\/financial-statement.png\" alt=\"Alt Text\" class=\"type_image animated fadeInnone alignment_left\" \/><\/div><\/div>\n\t<div class=\"wpb_text_column wpb_content_element\">\n\t\t<div class=\"wpb_wrapper\" >\n\t\t\t<p><span style=\"color: #000000;\"><strong>3- Final Score<\/strong><\/span><\/p>\n\n\t\t<\/div> \n\t<\/div> <div class=\"wpb_content_element media_align_left media media_el animate_onoffset\"><div class=\"media_wrapper\" ><img src=\"\/wp-content\/uploads\/2020\/10\/scoring-results.png\" alt=\"Alt Text\" class=\"type_image animated fadeInnone alignment_left\" \/><\/div><\/div>\n\t\t\t<\/div> \n\t<\/div> \n\n\t<div class=\"vc_col-sm-4 wpb_column column_container\" style=\"\" data-animation=\"none\" data-delay=\"\">\n\t\t\t<div class=\"wpb_wrapper\">\n\t\t\t\t\n\t\t\t<\/div> \n\t<\/div> \n<\/div><\/div><\/div><div id=\"fws_69e16611a482c\" class=\"vc_row wpb_row vc_row-fluid  animate_onoffset row-dynamic-el standard_section\" style=\"\" ><div  style=\"position: absolute;top: 0;\"><\/div><div class=\"container  dark\"><div class=\"section_clear\">\n\t<div class=\"vc_col-sm-6 wpb_column column_container\" style=\"\" data-animation=\"none\" data-delay=\"\">\n\t\t\t<div class=\"wpb_wrapper\">\n\t\t\t\t\n\t<div class=\"wpb_text_column wpb_content_element\">\n\t\t<div class=\"wpb_wrapper\" >\n\t\t\t<p>Si desea obtener m\u00e1s informaci\u00f3n, estaremos encantados de presentar una versi\u00f3n demo. Deja tus datos y nos veremos en contacto en breve.<\/p>\n\n\t\t<\/div> \n\t<\/div> \n\t\t\t<\/div> \n\t<\/div> \n\n\t<div class=\"vc_col-sm-6 wpb_column column_container\" style=\"\" data-animation=\"none\" data-delay=\"\">\n\t\t\t<div class=\"wpb_wrapper\">\n\t\t\t\t<div class=\"wpb_content_element button\"><a  target=\"_blank\"  class=\"btn-bt align-left default\" href=\"https:\/\/qware-banking.com\/index.php\/request-a-demo\/\"><span>SOLICITE UNA DEMO<\/span><i class=\"steadysets-icon-laptop\"><\/i><\/a><\/div>\n\t\t\t<\/div> \n\t<\/div> \n<\/div><\/div><\/div>","protected":false},"excerpt":{"rendered":"The scoring module calculates the rating of the customer based on quantitative and qualitative information, offering benefits like support of the decision making with a unified approach, as well as usage in LLP calculation. 1- Qualitative Data: Ask questions 2- Quantitative Data: Analyze financials 3- Final Score If you would like to learn more about [...]","protected":false},"author":2,"featured_media":0,"parent":0,"menu_order":0,"comment_status":"closed","ping_status":"closed","template":"","meta":{"_mi_skip_tracking":false,"_monsterinsights_sitenote_active":false,"_monsterinsights_sitenote_note":"","_monsterinsights_sitenote_category":0},"yoast_head":"<!-- This site is optimized with the Yoast SEO plugin v20.9 - https:\/\/yoast.com\/wordpress\/plugins\/seo\/ -->\r\n<title>Scoring Module - QWare Banking<\/title>\r\n<meta name=\"robots\" content=\"index, follow, max-snippet:-1, max-image-preview:large, max-video-preview:-1\" \/>\r\n<link rel=\"canonical\" href=\"https:\/\/qware-banking.com\/es\/scoring-module\/\" \/>\r\n<meta property=\"og:locale\" content=\"es_ES\" \/>\r\n<meta property=\"og:type\" content=\"article\" \/>\r\n<meta property=\"og:title\" content=\"Scoring Module - QWare Banking\" \/>\r\n<meta property=\"og:url\" content=\"https:\/\/qware-banking.com\/es\/scoring-module\/\" \/>\r\n<meta property=\"og:site_name\" content=\"QWare Banking\" \/>\r\n<meta property=\"article:modified_time\" content=\"2020-10-07T11:09:08+00:00\" \/>\r\n<meta name=\"twitter:card\" content=\"summary_large_image\" \/>\r\n<meta name=\"twitter:label1\" content=\"Tiempo de lectura\" \/>\n\t<meta name=\"twitter:data1\" content=\"1 minuto\" \/>\r\n<script type=\"application\/ld+json\" class=\"yoast-schema-graph\">{\"@context\":\"https:\/\/schema.org\",\"@graph\":[{\"@type\":\"WebPage\",\"@id\":\"https:\/\/qware-banking.com\/scoring-module\/\",\"url\":\"https:\/\/qware-banking.com\/scoring-module\/\",\"name\":\"Scoring Module - QWare Banking\",\"isPartOf\":{\"@id\":\"https:\/\/qware-banking.com\/#website\"},\"datePublished\":\"2020-05-08T11:52:07+00:00\",\"dateModified\":\"2020-10-07T11:09:08+00:00\",\"breadcrumb\":{\"@id\":\"https:\/\/qware-banking.com\/scoring-module\/#breadcrumb\"},\"inLanguage\":\"es\",\"potentialAction\":[{\"@type\":\"ReadAction\",\"target\":[\"https:\/\/qware-banking.com\/scoring-module\/\"]}]},{\"@type\":\"BreadcrumbList\",\"@id\":\"https:\/\/qware-banking.com\/scoring-module\/#breadcrumb\",\"itemListElement\":[{\"@type\":\"ListItem\",\"position\":1,\"name\":\"Home\",\"item\":\"https:\/\/qware-banking.com\/\"},{\"@type\":\"ListItem\",\"position\":2,\"name\":\"Scoring Module\"}]},{\"@type\":\"WebSite\",\"@id\":\"https:\/\/qware-banking.com\/#website\",\"url\":\"https:\/\/qware-banking.com\/\",\"name\":\"QWare Banking\",\"description\":\"Your core banking solution in the cloud\",\"potentialAction\":[{\"@type\":\"SearchAction\",\"target\":{\"@type\":\"EntryPoint\",\"urlTemplate\":\"https:\/\/qware-banking.com\/?s={search_term_string}\"},\"query-input\":\"required name=search_term_string\"}],\"inLanguage\":\"es\"}]}<\/script>\r\n<!-- \/ Yoast SEO plugin. -->","yoast_head_json":{"title":"Scoring Module - QWare Banking","robots":{"index":"index","follow":"follow","max-snippet":"max-snippet:-1","max-image-preview":"max-image-preview:large","max-video-preview":"max-video-preview:-1"},"canonical":"https:\/\/qware-banking.com\/es\/scoring-module\/","og_locale":"es_ES","og_type":"article","og_title":"Scoring Module - QWare Banking","og_url":"https:\/\/qware-banking.com\/es\/scoring-module\/","og_site_name":"QWare Banking","article_modified_time":"2020-10-07T11:09:08+00:00","twitter_card":"summary_large_image","twitter_misc":{"Tiempo de lectura":"1 minuto"},"schema":{"@context":"https:\/\/schema.org","@graph":[{"@type":"WebPage","@id":"https:\/\/qware-banking.com\/scoring-module\/","url":"https:\/\/qware-banking.com\/scoring-module\/","name":"Scoring Module - QWare Banking","isPartOf":{"@id":"https:\/\/qware-banking.com\/#website"},"datePublished":"2020-05-08T11:52:07+00:00","dateModified":"2020-10-07T11:09:08+00:00","breadcrumb":{"@id":"https:\/\/qware-banking.com\/scoring-module\/#breadcrumb"},"inLanguage":"es","potentialAction":[{"@type":"ReadAction","target":["https:\/\/qware-banking.com\/scoring-module\/"]}]},{"@type":"BreadcrumbList","@id":"https:\/\/qware-banking.com\/scoring-module\/#breadcrumb","itemListElement":[{"@type":"ListItem","position":1,"name":"Home","item":"https:\/\/qware-banking.com\/"},{"@type":"ListItem","position":2,"name":"Scoring Module"}]},{"@type":"WebSite","@id":"https:\/\/qware-banking.com\/#website","url":"https:\/\/qware-banking.com\/","name":"QWare Banking","description":"Your core banking solution in the cloud","potentialAction":[{"@type":"SearchAction","target":{"@type":"EntryPoint","urlTemplate":"https:\/\/qware-banking.com\/?s={search_term_string}"},"query-input":"required name=search_term_string"}],"inLanguage":"es"}]}},"_links":{"self":[{"href":"https:\/\/qware-banking.com\/es\/wp-json\/wp\/v2\/pages\/2283"}],"collection":[{"href":"https:\/\/qware-banking.com\/es\/wp-json\/wp\/v2\/pages"}],"about":[{"href":"https:\/\/qware-banking.com\/es\/wp-json\/wp\/v2\/types\/page"}],"author":[{"embeddable":true,"href":"https:\/\/qware-banking.com\/es\/wp-json\/wp\/v2\/users\/2"}],"replies":[{"embeddable":true,"href":"https:\/\/qware-banking.com\/es\/wp-json\/wp\/v2\/comments?post=2283"}],"version-history":[{"count":18,"href":"https:\/\/qware-banking.com\/es\/wp-json\/wp\/v2\/pages\/2283\/revisions"}],"predecessor-version":[{"id":2776,"href":"https:\/\/qware-banking.com\/es\/wp-json\/wp\/v2\/pages\/2283\/revisions\/2776"}],"wp:attachment":[{"href":"https:\/\/qware-banking.com\/es\/wp-json\/wp\/v2\/media?parent=2283"}],"curies":[{"name":"wp","href":"https:\/\/api.w.org\/{rel}","templated":true}]}}