{"id":2971,"date":"2021-02-08T14:06:20","date_gmt":"2021-02-08T14:06:20","guid":{"rendered":"https:\/\/qware-banking.com\/?page_id=2971"},"modified":"2021-11-10T13:47:40","modified_gmt":"2021-11-10T13:47:40","slug":"field-application","status":"publish","type":"page","link":"https:\/\/qware-banking.com\/es\/field-application\/","title":{"rendered":"Aplicaci\u00f3n de campo"},"content":{"rendered":"<div id=\"fws_69ee49f5b9a05\" class=\"vc_row wpb_row vc_row-fluid  animate_onoffset row-dynamic-el standard_section\" style=\"\" ><div  style=\"position: absolute;top: 0;\"><\/div><div class=\"container  dark\"><div class=\"section_clear\">\n\t<div class=\"vc_col-sm-12 wpb_column column_container\" style=\"\" data-animation=\"none\" data-delay=\"\">\n\t\t\t<div class=\"wpb_wrapper\">\n\t\t\t\t\n\t<div class=\"wpb_text_column wpb_content_element\">\n\t\t<div class=\"wpb_wrapper\" >\n\t\t\t<p>En un ecosistema de servicios financieros digitales, una aplicaci\u00f3n de campo es un canal conveniente que extiende el alcance de la instituci\u00f3n financiera a tantos clientes como sea posible, fuera de las agencias. La aplicaci\u00f3n de campo puede ser utilizada por empleados o agentes de terceros autorizados en nombre de la instituci\u00f3n financiera para la incorporaci\u00f3n de clientes y la atenci\u00f3n al cliente para productos de pr\u00e9stamo y retail.<\/p>\n\n\t\t<\/div> \n\t<\/div> \n\t\t\t<\/div> \n\t<\/div> \n<\/div><\/div><\/div><div id=\"fws_69ee49f5ba4c0\" class=\"vc_row wpb_row vc_row-fluid  animate_onoffset row-dynamic-el standard_section\" style=\"\" ><div  style=\"position: absolute;top: 0;\"><\/div><div class=\"container  dark\"><div class=\"section_clear\">\n\t<div class=\"vc_col-sm-6 wpb_column column_container\" style=\"\" data-animation=\"none\" data-delay=\"\">\n\t\t\t<div class=\"wpb_wrapper\">\n\t\t\t\t<div class=\"wpb_content_element media_align_left media media_el animate_onoffset\"><div class=\"media_wrapper\" ><img src=\"\/wp-content\/uploads\/2021\/07\/qware-post.png\" alt=\"Alt Text\" class=\"type_image animated fadeInnone alignment_left\" \/><\/div><\/div>\n\t\t\t<\/div> \n\t<\/div> \n\n\t<div class=\"vc_col-sm-6 wpb_column column_container\" style=\"\" data-animation=\"none\" data-delay=\"\">\n\t\t\t<div class=\"wpb_wrapper\">\n\t\t\t\t\n\t<div class=\"wpb_text_column wpb_content_element\">\n\t\t<div class=\"wpb_wrapper\" >\n\t\t\t<p>Llegar a los clientes de forma remota no solo es un factor de crecimiento para usted, sino tambi\u00e9n una forma de reducir sus riesgos mediante la gesti\u00f3n efectiva de su cartera de cr\u00e9ditos, a trav\u00e9s de oficiales de campo y haciendo uso de nuestras funciones de monitoreo. Al mismo tiempo, estar\u00e1 apoyando la inclusi\u00f3n financiera y la alfabetizaci\u00f3n bancaria para aquellos que a\u00fan no pueden visitar una agencia o usar una aplicaci\u00f3n en l\u00ednea por su cuenta.<\/p>\n\n\t\t<\/div> \n\t<\/div> \n\t<div class=\"wpb_text_column wpb_content_element\">\n\t\t<div class=\"wpb_wrapper\" >\n\t\t\t<p>De esta manera, se puede abordar a los clientes de lugares remotos, incluidas las zonas rurales sin cobertura de internet, que de otro modo tendr\u00edan dificultades para llegar a una agencia f\u00edsica y acceder a cr\u00e9ditos, por ejemplo. La aplicaci\u00f3n de campo es una soluci\u00f3n confiable, directa y segura para proporcionar servicios financieros a los clientes en una ubicaci\u00f3n que sea m\u00e1s conveniente para ellos.<\/p>\n\n\t\t<\/div> \n\t<\/div> \n\t\t\t<\/div> \n\t<\/div> \n<\/div><\/div><\/div><div id=\"fws_69ee49f5bba4b\" class=\"vc_row wpb_row vc_row-fluid  animate_onoffset row-dynamic-el standard_section\" style=\"\" ><div  style=\"position: absolute;top: 0;\"><\/div><div class=\"container  dark\"><div class=\"section_clear\">\n\t<div class=\"vc_col-sm-12 wpb_column column_container\" style=\"\" data-animation=\"none\" data-delay=\"\">\n\t\t\t<div class=\"wpb_wrapper\">\n\t\t\t\t<div class=\"vc_separator wpb_content_element vc_separator_align_center vc_sep_width_100 vc_sep_dashed vc_sep_border_width_2 vc_sep_pos_align_center vc_separator_no_text vc_sep_color_grey\" ><span class=\"vc_sep_holder vc_sep_holder_l\"><span  class=\"vc_sep_line\"><\/span><\/span><span class=\"vc_sep_holder vc_sep_holder_r\"><span  class=\"vc_sep_line\"><\/span><\/span>\n<\/div>\n\t\t\t<\/div> \n\t<\/div> \n<\/div><\/div><\/div><div id=\"fws_69ee49f5bbff9\" class=\"vc_row wpb_row vc_row-fluid  animate_onoffset row-dynamic-el standard_section\" style=\"\" ><div  style=\"position: absolute;top: 0;\"><\/div><div class=\"container  dark\"><div class=\"section_clear\">\n\t<div class=\"vc_col-sm-12 wpb_column column_container\" style=\"\" data-animation=\"none\" data-delay=\"\">\n\t\t\t<div class=\"wpb_wrapper\">\n\t\t\t\t\n\t<div class=\"wpb_text_column wpb_content_element\">\n\t\t<div class=\"wpb_wrapper\" >\n\t\t\t<h3><strong>\u00bfPor qu\u00e9 utilizar nuestra aplicaci\u00f3n de campo?<\/strong><\/h3>\n<ul>\n<li>Llega a los clientes en \u00e1reas remotas, en cualquier momento y en cualquier lugar; seleccionando y aumentando la participaci\u00f3n en el mercado, sin tener que expandir su red de sucursales.<\/li>\n<li>Acelera la inclusi\u00f3n financiera, ofreciendo beneficios significativos a aquellos a quienes est\u00e1 llegando.<\/li>\n<li>Mejora la experiencia del cliente y la reputaci\u00f3n de la marca al ofrecer una mayor comodidad y operaciones m\u00e1s r\u00e1pidas y seguras.<\/li>\n<li>Brinda escalabilidad a su entidad financiera: ampl\u00ede su alcance cuando est\u00e9 preparado, a medida que crece y es capaz de extender las soluciones a tantos clientes como quiera, nuevos o existentes.<\/li>\n<li>Brinda flexibilidad y rentabilidad: la integraci\u00f3n con otros sistemas mediante APIs es posible, no m\u00e1s duplicidad de entradas, lo que significa menos gastos operativos y resultados m\u00e1s r\u00e1pidos.<\/li>\n<\/ul>\n\n\t\t<\/div> \n\t<\/div> <div class=\"vc_separator wpb_content_element vc_separator_align_center vc_sep_width_100 vc_sep_dashed vc_sep_border_width_2 vc_sep_pos_align_center vc_separator_no_text vc_sep_color_grey\" ><span class=\"vc_sep_holder vc_sep_holder_l\"><span  class=\"vc_sep_line\"><\/span><\/span><span class=\"vc_sep_holder vc_sep_holder_r\"><span  class=\"vc_sep_line\"><\/span><\/span>\n<\/div>\n\t\t\t<\/div> \n\t<\/div> \n<\/div><\/div><\/div><div id=\"fws_69ee49f5bc567\" class=\"vc_row wpb_row vc_row-fluid  animate_onoffset row-dynamic-el standard_section\" style=\"\" ><div  style=\"position: absolute;top: 0;\"><\/div><div class=\"container  dark\"><div class=\"section_clear\">\n\t<div class=\"vc_col-sm-12 wpb_column column_container\" style=\"\" data-animation=\"none\" data-delay=\"\">\n\t\t\t<div class=\"wpb_wrapper\">\n\t\t\t\t\n\t<div class=\"wpb_text_column wpb_content_element\">\n\t\t<div class=\"wpb_wrapper\" >\n\t\t\t<h3><strong>\u00bfQu\u00e9 tipo de operaciones para agencia bancaria soporta nuestra aplicaci\u00f3n de campo?<\/strong><\/h3>\n\n\t\t<\/div> \n\t<\/div> \n\t\t\t<\/div> \n\t<\/div> \n<\/div><\/div><\/div><div id=\"fws_69ee49f5bc7ba\" class=\"vc_row wpb_row vc_row-fluid  animate_onoffset row-dynamic-el standard_section\" style=\"\" ><div  style=\"position: absolute;top: 0;\"><\/div><div class=\"container  dark\"><div class=\"section_clear\">\n\t<div class=\"vc_col-sm-10 wpb_column column_container\" style=\"\" data-animation=\"none\" data-delay=\"\">\n\t\t\t<div class=\"wpb_wrapper\">\n\t\t\t\t<div class=\"wpb_content_element media_align_left media media_el animate_onoffset\"><div class=\"media_wrapper\" ><img src=\"\/wp-content\/uploads\/2021\/07\/Asset-2.png\" alt=\"Alt Text\" class=\"type_image animated fadeInnone alignment_left\" \/><\/div><\/div><div class=\"vc_separator wpb_content_element vc_separator_align_center vc_sep_width_100 vc_sep_dashed vc_sep_border_width_2 vc_sep_pos_align_center vc_separator_no_text vc_sep_color_grey\" ><span class=\"vc_sep_holder vc_sep_holder_l\"><span  class=\"vc_sep_line\"><\/span><\/span><span class=\"vc_sep_holder vc_sep_holder_r\"><span  class=\"vc_sep_line\"><\/span><\/span>\n<\/div>\n\t\t\t<\/div> \n\t<\/div> \n\n\t<div class=\"vc_col-sm-2 wpb_column column_container\" style=\"\" data-animation=\"none\" data-delay=\"\">\n\t\t\t<div class=\"wpb_wrapper\">\n\t\t\t\t\n\t\t\t<\/div> \n\t<\/div> \n<\/div><\/div><\/div><div id=\"fws_69ee49f5bdc23\" class=\"vc_row wpb_row vc_row-fluid  animate_onoffset row-dynamic-el standard_section\" style=\"\" ><div  style=\"position: absolute;top: 0;\"><\/div><div class=\"container  dark\"><div class=\"section_clear\">\n\t<div class=\"vc_col-sm-12 wpb_column column_container\" style=\"\" data-animation=\"none\" data-delay=\"\">\n\t\t\t<div class=\"wpb_wrapper\">\n\t\t\t\t\n\t<div class=\"wpb_text_column wpb_content_element\">\n\t\t<div class=\"wpb_wrapper\" >\n\t\t\t<h3><strong>Las ventajas de nuestra aplicaci\u00f3n de campo<\/strong><\/h3>\n<ul>\n<li>Funciona muy bien en Android por lo que es una aplicaci\u00f3n segura y f\u00e1cil de usar en un tel\u00e9fono inteligente o en una tableta.<\/li>\n<li>Es compatible en modo sin conexi\u00f3n, lo que permite la sincronizaci\u00f3n de datos tan pronto est\u00e9 disponible una conexi\u00f3n a internet. Esto har\u00e1 posible llegar a clientes en \u00e1reas remotas, donde no hay cobertura de internet.<\/li>\n<li>Se puede integrar con cualquier core bancario.<\/li>\n<li>Ofrece la posibilidad de recopilar diversos datos que pueden ser utilizados para la personalizaci\u00f3n y la toma de decisiones de cr\u00e9dito, de acuerdo con los requisitos legales y las necesidades de la instituci\u00f3n financiera.<\/li>\n<\/ul>\n\n\t\t<\/div> \n\t<\/div> \n\t\t\t<\/div> \n\t<\/div> \n<\/div><\/div><\/div><div id=\"fws_69ee49f5bde85\" class=\"vc_row wpb_row vc_row-fluid  animate_onoffset row-dynamic-el standard_section\" style=\"\" ><div  style=\"position: absolute;top: 0;\"><\/div><div class=\"container  dark\"><div class=\"section_clear\">\n\t<div class=\"vc_col-sm-12 wpb_column column_container\" style=\"\" data-animation=\"none\" data-delay=\"\">\n\t\t\t<div class=\"wpb_wrapper\">\n\t\t\t\t\n\t<div class=\"wpb_text_column wpb_content_element\">\n\t\t<div class=\"wpb_wrapper\" >\n\t\t\t<p>Si desea obtener m\u00e1s informaci\u00f3n, estaremos encantados de presentar una versi\u00f3n demo. Deja tus datos y nos veremos en contacto en breve.<\/p>\n\n\t\t<\/div> \n\t<\/div> <div class=\"wpb_content_element button\"><a  target=\"_blank\"  class=\"btn-bt align-left default\" href=\"https:\/\/qware-banking.com\/index.php\/request-a-demo\/\"><span>SOLICITE UNA DEMO<\/span><i class=\"steadysets-icon-laptop\"><\/i><\/a><\/div>\n\t\t\t<\/div> \n\t<\/div> \n<\/div><\/div><\/div>","protected":false},"excerpt":{"rendered":"In a digital financial services ecosystem, a field application is a convenient channel which extends the financial institution\u2019s outreach to as many clients as possible, outside the branches. The field application can be used by employees or authorized third-party agents on behalf of the financial institution for customer onboarding and customer care for loan and [...]","protected":false},"author":2,"featured_media":0,"parent":0,"menu_order":0,"comment_status":"closed","ping_status":"closed","template":"","meta":{"_mi_skip_tracking":false,"_monsterinsights_sitenote_active":false,"_monsterinsights_sitenote_note":"","_monsterinsights_sitenote_category":0},"yoast_head":"<!-- This site is optimized with the Yoast SEO plugin v20.9 - https:\/\/yoast.com\/wordpress\/plugins\/seo\/ -->\r\n<title>Field Application - QWare Banking<\/title>\r\n<meta name=\"robots\" content=\"index, follow, max-snippet:-1, max-image-preview:large, max-video-preview:-1\" \/>\r\n<link rel=\"canonical\" href=\"https:\/\/qware-banking.com\/es\/field-application\/\" \/>\r\n<meta property=\"og:locale\" content=\"es_ES\" \/>\r\n<meta property=\"og:type\" content=\"article\" \/>\r\n<meta property=\"og:title\" content=\"Field Application - QWare Banking\" \/>\r\n<meta property=\"og:url\" content=\"https:\/\/qware-banking.com\/es\/field-application\/\" \/>\r\n<meta property=\"og:site_name\" content=\"QWare Banking\" \/>\r\n<meta property=\"article:modified_time\" content=\"2021-11-10T13:47:40+00:00\" \/>\r\n<meta name=\"twitter:card\" content=\"summary_large_image\" \/>\r\n<meta name=\"twitter:label1\" content=\"Tiempo de lectura\" \/>\n\t<meta name=\"twitter:data1\" content=\"3 minutos\" \/>\r\n<script type=\"application\/ld+json\" class=\"yoast-schema-graph\">{\"@context\":\"https:\/\/schema.org\",\"@graph\":[{\"@type\":\"WebPage\",\"@id\":\"https:\/\/qware-banking.com\/field-application\/\",\"url\":\"https:\/\/qware-banking.com\/field-application\/\",\"name\":\"Field Application - QWare Banking\",\"isPartOf\":{\"@id\":\"https:\/\/qware-banking.com\/#website\"},\"datePublished\":\"2021-02-08T14:06:20+00:00\",\"dateModified\":\"2021-11-10T13:47:40+00:00\",\"breadcrumb\":{\"@id\":\"https:\/\/qware-banking.com\/field-application\/#breadcrumb\"},\"inLanguage\":\"es\",\"potentialAction\":[{\"@type\":\"ReadAction\",\"target\":[\"https:\/\/qware-banking.com\/field-application\/\"]}]},{\"@type\":\"BreadcrumbList\",\"@id\":\"https:\/\/qware-banking.com\/field-application\/#breadcrumb\",\"itemListElement\":[{\"@type\":\"ListItem\",\"position\":1,\"name\":\"Home\",\"item\":\"https:\/\/qware-banking.com\/\"},{\"@type\":\"ListItem\",\"position\":2,\"name\":\"Field Application\"}]},{\"@type\":\"WebSite\",\"@id\":\"https:\/\/qware-banking.com\/#website\",\"url\":\"https:\/\/qware-banking.com\/\",\"name\":\"QWare Banking\",\"description\":\"Your core banking solution in the cloud\",\"potentialAction\":[{\"@type\":\"SearchAction\",\"target\":{\"@type\":\"EntryPoint\",\"urlTemplate\":\"https:\/\/qware-banking.com\/?s={search_term_string}\"},\"query-input\":\"required name=search_term_string\"}],\"inLanguage\":\"es\"}]}<\/script>\r\n<!-- \/ Yoast SEO plugin. -->","yoast_head_json":{"title":"Field Application - QWare Banking","robots":{"index":"index","follow":"follow","max-snippet":"max-snippet:-1","max-image-preview":"max-image-preview:large","max-video-preview":"max-video-preview:-1"},"canonical":"https:\/\/qware-banking.com\/es\/field-application\/","og_locale":"es_ES","og_type":"article","og_title":"Field Application - QWare Banking","og_url":"https:\/\/qware-banking.com\/es\/field-application\/","og_site_name":"QWare Banking","article_modified_time":"2021-11-10T13:47:40+00:00","twitter_card":"summary_large_image","twitter_misc":{"Tiempo de lectura":"3 minutos"},"schema":{"@context":"https:\/\/schema.org","@graph":[{"@type":"WebPage","@id":"https:\/\/qware-banking.com\/field-application\/","url":"https:\/\/qware-banking.com\/field-application\/","name":"Field Application - QWare Banking","isPartOf":{"@id":"https:\/\/qware-banking.com\/#website"},"datePublished":"2021-02-08T14:06:20+00:00","dateModified":"2021-11-10T13:47:40+00:00","breadcrumb":{"@id":"https:\/\/qware-banking.com\/field-application\/#breadcrumb"},"inLanguage":"es","potentialAction":[{"@type":"ReadAction","target":["https:\/\/qware-banking.com\/field-application\/"]}]},{"@type":"BreadcrumbList","@id":"https:\/\/qware-banking.com\/field-application\/#breadcrumb","itemListElement":[{"@type":"ListItem","position":1,"name":"Home","item":"https:\/\/qware-banking.com\/"},{"@type":"ListItem","position":2,"name":"Field Application"}]},{"@type":"WebSite","@id":"https:\/\/qware-banking.com\/#website","url":"https:\/\/qware-banking.com\/","name":"QWare Banking","description":"Your core banking solution in the cloud","potentialAction":[{"@type":"SearchAction","target":{"@type":"EntryPoint","urlTemplate":"https:\/\/qware-banking.com\/?s={search_term_string}"},"query-input":"required name=search_term_string"}],"inLanguage":"es"}]}},"_links":{"self":[{"href":"https:\/\/qware-banking.com\/es\/wp-json\/wp\/v2\/pages\/2971"}],"collection":[{"href":"https:\/\/qware-banking.com\/es\/wp-json\/wp\/v2\/pages"}],"about":[{"href":"https:\/\/qware-banking.com\/es\/wp-json\/wp\/v2\/types\/page"}],"author":[{"embeddable":true,"href":"https:\/\/qware-banking.com\/es\/wp-json\/wp\/v2\/users\/2"}],"replies":[{"embeddable":true,"href":"https:\/\/qware-banking.com\/es\/wp-json\/wp\/v2\/comments?post=2971"}],"version-history":[{"count":23,"href":"https:\/\/qware-banking.com\/es\/wp-json\/wp\/v2\/pages\/2971\/revisions"}],"predecessor-version":[{"id":3078,"href":"https:\/\/qware-banking.com\/es\/wp-json\/wp\/v2\/pages\/2971\/revisions\/3078"}],"wp:attachment":[{"href":"https:\/\/qware-banking.com\/es\/wp-json\/wp\/v2\/media?parent=2971"}],"curies":[{"name":"wp","href":"https:\/\/api.w.org\/{rel}","templated":true}]}}