{"id":757,"date":"2014-09-12T10:30:07","date_gmt":"2014-09-12T10:30:07","guid":{"rendered":"http:\/\/104.131.255.213\/specular\/business2\/?page_id=757"},"modified":"2021-03-08T08:38:10","modified_gmt":"2021-03-08T08:38:10","slug":"our-services","status":"publish","type":"page","link":"https:\/\/qware-banking.com\/es\/our-services\/","title":{"rendered":"Servicios"},"content":{"rendered":"<div id=\"fws_69d073b0c9bdd\" class=\"vc_row wpb_row vc_row-fluid  animate_onoffset row-dynamic-el standard_section\" style=\"\" ><div  style=\"position: absolute;top: 0;\"><\/div><div class=\"container  dark\"><div class=\"section_clear\">\n\t<div class=\"vc_col-sm-12 wpb_column column_container\" style=\"\" data-animation=\"none\" data-delay=\"\">\n\t\t\t<div class=\"wpb_wrapper\">\n\t\t\t\t<div class=\"vc_custom_heading wpb_content_element\" ><h2 style=\"font-size: 28px;color: #555555;line-height: 40px;text-align: center\" >El core bancario SaaS que le permite crecer<\/h2><\/div><div class=\"vc_separator wpb_content_element vc_separator_align_left vc_sep_width_100 vc_sep_pos_align_right vc_sep_color_grey vc_separator-has-text\" ><span class=\"vc_sep_holder vc_sep_holder_l\"><span  class=\"vc_sep_line\"><\/span><\/span><div \tclass=\"vc_icon_element vc_icon_element-outer vc_icon_element-align-left\">\n\t<div class=\"vc_icon_element-inner vc_icon_element-color-custom vc_icon_element-size-md vc_icon_element-style- vc_icon_element-background-color-grey\">\n\t\t<span class=\"vc_icon_element-icon vc-material vc-material-border_color\" style=\"color:#d9b510 !important\"><\/span><\/div>\n<\/div>\n<h4>Afiliaci\u00f3n<\/h4><span class=\"vc_sep_holder vc_sep_holder_r\"><span  class=\"vc_sep_line\"><\/span><\/span>\n<\/div>\n\t<div class=\"wpb_text_column wpb_content_element\">\n\t\t<div class=\"wpb_wrapper\" >\n\t\t\t<p>Como entendemos que las capacidades de las empresas difieren y algunos proyectos necesitan apoyo adicional, estamos listos para ayudarle desde el principio con un equipo dedicado de expertos. Juntos evaluamos el plazo y el esfuerzo adecuado para su instituci\u00f3n.<\/p>\n<p>Proceso de afiliaci\u00f3n fluido y sencillo - lo guiamos en cada paso de su transformaci\u00f3n digital, desde la adopci\u00f3n de la plataforma hasta la capacitaci\u00f3n del personal.<\/p>\n<p>El paquete de asistencia en l\u00ednea de incorporaci\u00f3n complementaria le asistir\u00e1 en la comprensi\u00f3n de futuras actualizaciones.<\/p>\n\n\t\t<\/div> \n\t<\/div> <div class=\"vc_separator wpb_content_element vc_separator_align_left vc_sep_width_100 vc_sep_pos_align_center vc_sep_color_grey vc_separator-has-text\" ><span class=\"vc_sep_holder vc_sep_holder_l\"><span  class=\"vc_sep_line\"><\/span><\/span><div \tclass=\"vc_icon_element vc_icon_element-outer vc_icon_element-align-left\">\n\t<div class=\"vc_icon_element-inner vc_icon_element-color-custom vc_icon_element-size-md vc_icon_element-style- vc_icon_element-background-color-grey\">\n\t\t<span class=\"vc_icon_element-icon vc-material vc-material-attach_money\" style=\"color:#d9b510 !important\"><\/span><\/div>\n<\/div>\n<h4>Precios<\/h4><span class=\"vc_sep_holder vc_sep_holder_r\"><span  class=\"vc_sep_line\"><\/span><\/span>\n<\/div>\n\t<div class=\"wpb_text_column wpb_content_element\">\n\t\t<div class=\"wpb_wrapper\" >\n\t\t\t<p>Elimine el gasto de alojamiento local y administraci\u00f3n de infraestructuras.<\/p>\n<p>Utilice soluciones que se escalan y cotizan para apoyar su desarrollo - pague por funciones avanzadas de core bancario y ajustadas al tama\u00f1o actual de su instituci\u00f3n, sin comprometer el poder de su software, que se adaptar\u00e1 sin esfuerzo al crecimiento de su negocio en el futuro.<\/p>\n<p>Los precios transparentes permiten que su negocio escale naturalmente, sin sobrecargar sus finanzas, al tiempo que reduce sus gastos operativos.<\/p>\n<p>Usted paga una tarifa anual determinada por las funcionalidades est\u00e1ndar y cualquier adicional que elija, y se escala al n\u00famero de clientes que tiene.<\/p>\n<p>Adem\u00e1s de la versi\u00f3n est\u00e1ndar, hay m\u00f3dulos opcionales disponibles. Estos se pueden integrar al sistema y al paquete total a un costo fijo, para una planificaci\u00f3n y control financiero claros.<\/p>\n<p>Estaremos encantados de asesorarle sobre la soluci\u00f3n de Internet m\u00e1s adecuada para satisfacer sus necesidades comerciales y escalar en consecuencia.<\/p>\n\n\t\t<\/div> \n\t<\/div> <div class=\"vc_separator wpb_content_element vc_separator_align_left vc_sep_width_100 vc_sep_pos_align_right vc_sep_color_grey vc_separator-has-text\" ><span class=\"vc_sep_holder vc_sep_holder_l\"><span  class=\"vc_sep_line\"><\/span><\/span><div \tclass=\"vc_icon_element vc_icon_element-outer vc_icon_element-align-left\">\n\t<div class=\"vc_icon_element-inner vc_icon_element-color-custom vc_icon_element-size-md vc_icon_element-style- vc_icon_element-background-color-grey\">\n\t\t<span class=\"vc_icon_element-icon vc-material vc-material-check_circle\" style=\"color:#d9b510 !important\"><\/span><\/div>\n<\/div>\n<h4>Eficiencia del proceso<\/h4><span class=\"vc_sep_holder vc_sep_holder_r\"><span  class=\"vc_sep_line\"><\/span><\/span>\n<\/div>\n\t<div class=\"wpb_text_column wpb_content_element\">\n\t\t<div class=\"wpb_wrapper\" >\n\t\t\t<p>La eficiencia es fundamental y la tecnolog\u00eda es la fuerza impulsadora para operar un negocio de este tipo - con flujos de trabajo integrados que permiten la estandarizaci\u00f3n y la eficiencia en todas las operaciones, QWare simplifica el trabajo significativamente.<\/p>\n<p>Con una administraci\u00f3n de procesos de negocio sencilla, con flujos de trabajo est\u00e1ndar del negocio y que permite la automatizaci\u00f3n de informes y el procesamiento en tiempo real, tiene una soluci\u00f3n empresarial integrada que le permitir\u00e1 optimizar los costes y escalar el crecimiento.<\/p>\n\n\t\t<\/div> \n\t<\/div> <div class=\"vc_separator wpb_content_element vc_separator_align_left vc_sep_width_100 vc_sep_pos_align_right vc_sep_color_grey vc_separator-has-text\" ><span class=\"vc_sep_holder vc_sep_holder_l\"><span  class=\"vc_sep_line\"><\/span><\/span><div \tclass=\"vc_icon_element vc_icon_element-outer vc_icon_element-align-left\">\n\t<div class=\"vc_icon_element-inner vc_icon_element-color-custom vc_icon_element-size-md vc_icon_element-style- vc_icon_element-background-color-grey\">\n\t\t<span class=\"vc_icon_element-icon vc-material vc-material-data_usage\" style=\"color:#d9b510 !important\"><\/span><\/div>\n<\/div>\n<h4>Gesti\u00f3n de riesgos<\/h4><span class=\"vc_sep_holder vc_sep_holder_r\"><span  class=\"vc_sep_line\"><\/span><\/span>\n<\/div>\n\t<div class=\"wpb_text_column wpb_content_element\">\n\t\t<div class=\"wpb_wrapper\" >\n\t\t\t<p>Construimos nuestro software sobre una base s\u00f3lida, con una arquitectura que cumple con las Regulaciones de Protecci\u00f3n de Datos de la UE (GDPR), siguiendo las mejores pr\u00e1cticas y modelos que se probaron durante muchos a\u00f1os en nuestros proyectos implementados en todo el mundo.<\/p>\n<p>El control de riesgos est\u00e1 en el centro de nuestro enfoque, al igual que la integridad de los datos.<\/p>\n<p>La extracci\u00f3n simple de datos y los informes relevantes respaldan las decisiones empresariales y la definici\u00f3n de estrategias<\/p>\n\n\t\t<\/div> \n\t<\/div> <div class=\"vc_separator wpb_content_element vc_separator_align_left vc_sep_width_100 vc_sep_pos_align_right vc_sep_color_grey vc_separator-has-text\" ><span class=\"vc_sep_holder vc_sep_holder_l\"><span  class=\"vc_sep_line\"><\/span><\/span><div \tclass=\"vc_icon_element vc_icon_element-outer vc_icon_element-align-left\">\n\t<div class=\"vc_icon_element-inner vc_icon_element-color-custom vc_icon_element-size-md vc_icon_element-style- vc_icon_element-background-color-grey\">\n\t\t<span class=\"vc_icon_element-icon vc-material vc-material-cloud_done\" style=\"color:#d9b510 !important\"><\/span><\/div>\n<\/div>\n<h4>Plataforma<\/h4><span class=\"vc_sep_holder vc_sep_holder_r\"><span  class=\"vc_sep_line\"><\/span><\/span>\n<\/div>\n\t<div class=\"wpb_text_column wpb_content_element\">\n\t\t<div class=\"wpb_wrapper\" >\n\t\t\t<p>Como una soluci\u00f3n de core bancario en la nube, QWare es un software sofisticado y compacto para su negocio, que cualquier equipo puede entender y usar; brindando transparencia con una herramienta conveniente.<\/p>\n<p>Nuestros amplios esfuerzos de parametrizaci\u00f3n, garant\u00edas de integraci\u00f3n de API y adaptabilidad crean una plataforma avanzada que permite adaptarse a cualquier tama\u00f1o de negocio, hoy y en el futuro.<\/p>\n<p>El dise\u00f1o modular y el marco escalable permiten implementaciones incrementales que hacen de QWare una infraestructura de TI eficiente y flexible para usted.<\/p>\n<p>Nuestra interfaz de usuario intuitiva se basa en un software avanzado con funcionalidades extendidas, lo que permite un uso f\u00e1cil para posibilidades complejas.<\/p>\n\n\t\t<\/div> \n\t<\/div> <div class=\"vc_separator wpb_content_element vc_separator_align_left vc_sep_width_100 vc_sep_pos_align_right vc_sep_color_grey vc_separator-has-text\" ><span class=\"vc_sep_holder vc_sep_holder_l\"><span  class=\"vc_sep_line\"><\/span><\/span><div \tclass=\"vc_icon_element vc_icon_element-outer vc_icon_element-align-left\">\n\t<div class=\"vc_icon_element-inner vc_icon_element-color-custom vc_icon_element-size-md vc_icon_element-style- vc_icon_element-background-color-grey\">\n\t\t<span class=\"vc_icon_element-icon vc-material vc-material-phone_android\" style=\"color:#d9b510 !important\"><\/span><\/div>\n<\/div>\n<h4>Aplicaci\u00f3n de campo (complemento)<\/h4><span class=\"vc_sep_holder vc_sep_holder_r\"><span  class=\"vc_sep_line\"><\/span><\/span>\n<\/div>\n\t<div class=\"wpb_text_column wpb_content_element\">\n\t\t<div class=\"wpb_wrapper\" >\n\t\t\t<p>QWare viene con la posibilidad de integrar una aplicaci\u00f3n de campo, a\u00f1adiendo de esta manera un canal digital que extiende el alcance de las entidades financieras al mayor n\u00famero posible de clientes, fuera de las agencias.<\/p>\n<p>La aplicaci\u00f3n de campos puede ser utilizada por empleados o agentes terceros autorizados en nombre de la instituci\u00f3n financiera, para afiliaci\u00f3n de clientes y atenci\u00f3n al cliente para productos crediticios y retail.<\/p>\n<p>Esto facilita llegar a los clientes en \u00e1reas remotas, en cualquier momento y en cualquier lugar; seleccionando y aumentando la participaci\u00f3n en el mercado y tambi\u00e9n acelerando la inclusi\u00f3n financiera.<\/p>\n\n\t\t<\/div> \n\t<\/div> <div class=\"wpb_content_element button\"><a  target=\"_blank\"  class=\"btn-bt align-left default\" href=\"https:\/\/qware-banking.com\/es\/field-application\/\"><span>APLICACI\u00d3N DE CAMPO EN DETALLE<\/span><i class=\"\"><\/i><\/a><\/div>\n\t\t\t<\/div> \n\t<\/div> \n<\/div><\/div><\/div><div id=\"fws_69d073b0ccfe3\" class=\"vc_row wpb_row vc_row-fluid  animate_onoffset row-dynamic-el standard_section\" style=\"background-color: #d9b510; \" ><div  style=\"position: absolute;top: 0;\"><\/div><div class=\"container  light\"><div class=\"section_clear\">\n\t<div class=\"vc_col-sm-12 wpb_column column_container\" style=\" background-color: #d9b510; \" data-animation=\"none\" data-delay=\"\">\n\t\t\t<div class=\"wpb_wrapper\">\n\t\t\t\t\n\t<div class=\"wpb_text_column wpb_content_element\">\n\t\t<div class=\"wpb_wrapper\" >\n\t\t\t\n\t\t<\/div> \n\t<\/div> <div class=\"wpb_content_element button\"><a  target=\"_blank\"  class=\"btn-bt align-center default\" href=\"https:\/\/qware-banking.com\/index.php\/request-a-demo\/\"><span>SOLICITE UNA DEMO<\/span><i class=\"\"><\/i><\/a><\/div>\n\t<div class=\"wpb_text_column wpb_content_element\">\n\t\t<div class=\"wpb_wrapper\" >\n\t\t\t\n\t\t<\/div> \n\t<\/div> \n\t\t\t<\/div> \n\t<\/div> \n<\/div><\/div><\/div>","protected":false},"excerpt":{"rendered":"The SaaS Core-Banking that allows you to grow Onboarding As we understand that capacities of businesses differ, and some projects need additional support, we are ready to assist you from the very beginning with a dedicated team of experts. Together we assess the timeframe and effort suitable for your institution. Smooth and straightforward onboarding process [...]","protected":false},"author":1,"featured_media":0,"parent":0,"menu_order":0,"comment_status":"open","ping_status":"open","template":"","meta":{"_mi_skip_tracking":false,"_monsterinsights_sitenote_active":false,"_monsterinsights_sitenote_note":"","_monsterinsights_sitenote_category":0},"yoast_head":"<!-- This site is optimized with the Yoast SEO plugin v20.9 - https:\/\/yoast.com\/wordpress\/plugins\/seo\/ -->\r\n<title>Our Services - QWare Banking<\/title>\r\n<meta name=\"robots\" content=\"index, follow, max-snippet:-1, max-image-preview:large, max-video-preview:-1\" \/>\r\n<link rel=\"canonical\" href=\"https:\/\/qware-banking.com\/es\/our-services\/\" \/>\r\n<meta property=\"og:locale\" content=\"es_ES\" \/>\r\n<meta property=\"og:type\" content=\"article\" \/>\r\n<meta property=\"og:title\" content=\"Our Services - QWare Banking\" \/>\r\n<meta property=\"og:url\" content=\"https:\/\/qware-banking.com\/es\/our-services\/\" \/>\r\n<meta property=\"og:site_name\" content=\"QWare Banking\" \/>\r\n<meta property=\"article:modified_time\" content=\"2021-03-08T08:38:10+00:00\" \/>\r\n<meta name=\"twitter:card\" content=\"summary_large_image\" \/>\r\n<meta name=\"twitter:label1\" content=\"Tiempo de lectura\" \/>\n\t<meta name=\"twitter:data1\" content=\"4 minutos\" \/>\r\n<script type=\"application\/ld+json\" class=\"yoast-schema-graph\">{\"@context\":\"https:\/\/schema.org\",\"@graph\":[{\"@type\":\"WebPage\",\"@id\":\"https:\/\/qware-banking.com\/our-services\/\",\"url\":\"https:\/\/qware-banking.com\/our-services\/\",\"name\":\"Our Services - QWare Banking\",\"isPartOf\":{\"@id\":\"https:\/\/qware-banking.com\/#website\"},\"datePublished\":\"2014-09-12T10:30:07+00:00\",\"dateModified\":\"2021-03-08T08:38:10+00:00\",\"breadcrumb\":{\"@id\":\"https:\/\/qware-banking.com\/our-services\/#breadcrumb\"},\"inLanguage\":\"es\",\"potentialAction\":[{\"@type\":\"ReadAction\",\"target\":[\"https:\/\/qware-banking.com\/our-services\/\"]}]},{\"@type\":\"BreadcrumbList\",\"@id\":\"https:\/\/qware-banking.com\/our-services\/#breadcrumb\",\"itemListElement\":[{\"@type\":\"ListItem\",\"position\":1,\"name\":\"Home\",\"item\":\"https:\/\/qware-banking.com\/\"},{\"@type\":\"ListItem\",\"position\":2,\"name\":\"Our Services\"}]},{\"@type\":\"WebSite\",\"@id\":\"https:\/\/qware-banking.com\/#website\",\"url\":\"https:\/\/qware-banking.com\/\",\"name\":\"QWare Banking\",\"description\":\"Your core banking solution in the cloud\",\"potentialAction\":[{\"@type\":\"SearchAction\",\"target\":{\"@type\":\"EntryPoint\",\"urlTemplate\":\"https:\/\/qware-banking.com\/?s={search_term_string}\"},\"query-input\":\"required name=search_term_string\"}],\"inLanguage\":\"es\"}]}<\/script>\r\n<!-- \/ Yoast SEO plugin. -->","yoast_head_json":{"title":"Our Services - QWare Banking","robots":{"index":"index","follow":"follow","max-snippet":"max-snippet:-1","max-image-preview":"max-image-preview:large","max-video-preview":"max-video-preview:-1"},"canonical":"https:\/\/qware-banking.com\/es\/our-services\/","og_locale":"es_ES","og_type":"article","og_title":"Our Services - QWare Banking","og_url":"https:\/\/qware-banking.com\/es\/our-services\/","og_site_name":"QWare Banking","article_modified_time":"2021-03-08T08:38:10+00:00","twitter_card":"summary_large_image","twitter_misc":{"Tiempo de lectura":"4 minutos"},"schema":{"@context":"https:\/\/schema.org","@graph":[{"@type":"WebPage","@id":"https:\/\/qware-banking.com\/our-services\/","url":"https:\/\/qware-banking.com\/our-services\/","name":"Our Services - QWare Banking","isPartOf":{"@id":"https:\/\/qware-banking.com\/#website"},"datePublished":"2014-09-12T10:30:07+00:00","dateModified":"2021-03-08T08:38:10+00:00","breadcrumb":{"@id":"https:\/\/qware-banking.com\/our-services\/#breadcrumb"},"inLanguage":"es","potentialAction":[{"@type":"ReadAction","target":["https:\/\/qware-banking.com\/our-services\/"]}]},{"@type":"BreadcrumbList","@id":"https:\/\/qware-banking.com\/our-services\/#breadcrumb","itemListElement":[{"@type":"ListItem","position":1,"name":"Home","item":"https:\/\/qware-banking.com\/"},{"@type":"ListItem","position":2,"name":"Our Services"}]},{"@type":"WebSite","@id":"https:\/\/qware-banking.com\/#website","url":"https:\/\/qware-banking.com\/","name":"QWare Banking","description":"Your core banking solution in the cloud","potentialAction":[{"@type":"SearchAction","target":{"@type":"EntryPoint","urlTemplate":"https:\/\/qware-banking.com\/?s={search_term_string}"},"query-input":"required name=search_term_string"}],"inLanguage":"es"}]}},"_links":{"self":[{"href":"https:\/\/qware-banking.com\/es\/wp-json\/wp\/v2\/pages\/757"}],"collection":[{"href":"https:\/\/qware-banking.com\/es\/wp-json\/wp\/v2\/pages"}],"about":[{"href":"https:\/\/qware-banking.com\/es\/wp-json\/wp\/v2\/types\/page"}],"author":[{"embeddable":true,"href":"https:\/\/qware-banking.com\/es\/wp-json\/wp\/v2\/users\/1"}],"replies":[{"embeddable":true,"href":"https:\/\/qware-banking.com\/es\/wp-json\/wp\/v2\/comments?post=757"}],"version-history":[{"count":38,"href":"https:\/\/qware-banking.com\/es\/wp-json\/wp\/v2\/pages\/757\/revisions"}],"predecessor-version":[{"id":3074,"href":"https:\/\/qware-banking.com\/es\/wp-json\/wp\/v2\/pages\/757\/revisions\/3074"}],"wp:attachment":[{"href":"https:\/\/qware-banking.com\/es\/wp-json\/wp\/v2\/media?parent=757"}],"curies":[{"name":"wp","href":"https:\/\/api.w.org\/{rel}","templated":true}]}}