{"id":83,"date":"2014-09-12T09:58:03","date_gmt":"2014-09-12T09:58:03","guid":{"rendered":"http:\/\/104.131.255.213\/specular\/business2\/?page_id=83"},"modified":"2024-03-05T15:20:52","modified_gmt":"2024-03-05T15:20:52","slug":"about-us","status":"publish","type":"page","link":"https:\/\/qware-banking.com\/es\/about-us\/","title":{"rendered":"Sobre Nosotros"},"content":{"rendered":"<div id=\"fws_69e1118830c86\" class=\"vc_row wpb_row vc_row-fluid  animate_onoffset row-dynamic-el standard_section\" style=\"\" ><div  style=\"position: absolute;top: 0;\"><\/div><div class=\"container  dark\"><div class=\"section_clear\">\n\t<div class=\"vc_col-sm-8 wpb_column column_container centered_col\" style=\"\" data-animation=\"none\" data-delay=\"\">\n\t\t\t<div class=\"wpb_wrapper\">\n\t\t\t\t\n\t<div class=\"wpb_text_column wpb_content_element\">\n\t\t<div class=\"wpb_wrapper\" >\n\t\t\t<p style=\"text-align: left;\">Aprovechando nuestra experiencia a largo plazo, sabemos que tomar la decisi\u00f3n de cambiar su sistema bancario o decidir cu\u00e1l se adaptar\u00e1 mejor a sus necesidades es muy dif\u00edcil y consume recursos. Con nuestra experiencia en el desarrollo de core bancario y sistemas de pago, junto con m\u00e1s de 35 a\u00f1os de entregas exitosas de soluciones de alta calidad y el desarrollo de capacidades sist\u00e9micas en los campos de PYMES, agricultura, finanzas inclusivas y clim\u00e1ticas en los mercados emergentes, hemos crecido conscientes de la diversidad de los sistemas en el mercado y la complejidad e impacto de tales decisiones.<\/p>\n<p style=\"text-align: left;\">Por lo tanto, a trav\u00e9s de QWare y su equipo dedicado, se le ayudar\u00e1 no solo a administrar sus clientes, las operaciones diarias y el negocio financiero en conjunto, sino que, al mismo tiempo, obtendr\u00e1 el apoyo necesario en su proceso de toma de decisiones.<\/p>\n<p style=\"text-align: left;\">Ya sean l\u00edderes de desarrollo de negocios o gerentes t\u00e9cnicos, usted tiene acceso a informaci\u00f3n y documentaci\u00f3n completa para que pueda elegir con total confianza.<\/p>\n<p style=\"text-align: left;\">Nuestro objetivo es apoyar la transformaci\u00f3n digital de su instituci\u00f3n, as\u00ed como la inclusi\u00f3n financiera, acelerando la adopci\u00f3n de la nube y generando un impacto al permitir que sus clientes finales hagan crecer su negocio.<\/p>\n\n\t\t<\/div> \n\t<\/div> <div class=\"vc_separator wpb_content_element vc_separator_align_center vc_sep_width_100 vc_sep_pos_align_center vc_separator_no_text vc_sep_color_grey\" ><span class=\"vc_sep_holder vc_sep_holder_l\"><span  class=\"vc_sep_line\"><\/span><\/span><span class=\"vc_sep_holder vc_sep_holder_r\"><span  class=\"vc_sep_line\"><\/span><\/span>\n<\/div>\n\t\t\t<\/div> \n\t<\/div> \n\n\t<div class=\"vc_col-sm-4 wpb_column column_container\" style=\"\" data-animation=\"none\" data-delay=\"\">\n\t\t\t<div class=\"wpb_wrapper\">\n\t\t\t\t<div class=\"wpb_content_element media_align_right media media_el animate_onoffset\"><div class=\"media_wrapper\" ><img src=\"\/wp-content\/uploads\/2021\/07\/shutterstock_1272462163-min-scaled.jpg\" alt=\"Alt Text\" class=\"type_image animated fadeInLeft alignment_right\" \/><\/div><\/div><div class=\"wpb_content_element button\"><a  target=\"_blank\"  class=\"btn-bt align-right default\" href=\"https:\/\/qware-banking.com\/index.php\/request-a-demo\/\"><span>SOLICITE UNA DEMO<\/span><i class=\"steadysets-icon-laptop\"><\/i><\/a><\/div>\n\t\t\t<\/div> \n\t<\/div> \n<\/div><\/div><\/div>","protected":false},"excerpt":{"rendered":"Leveraging on our long-term experience, we know that making the decision to change your banking system or deciding which one will best serve your needs is a very difficult and resource consuming one. From our expertise in developing core banking and payment systems, coupled with over 35 years in successfully delivering high-quality solutions and systemic [...]","protected":false},"author":1,"featured_media":0,"parent":0,"menu_order":0,"comment_status":"open","ping_status":"open","template":"","meta":{"_mi_skip_tracking":false,"_monsterinsights_sitenote_active":false,"_monsterinsights_sitenote_note":"","_monsterinsights_sitenote_category":0},"yoast_head":"<!-- This site is optimized with the Yoast SEO plugin v20.9 - https:\/\/yoast.com\/wordpress\/plugins\/seo\/ -->\r\n<title>About Us - QWare Banking<\/title>\r\n<meta name=\"robots\" content=\"index, follow, max-snippet:-1, max-image-preview:large, max-video-preview:-1\" \/>\r\n<link rel=\"canonical\" href=\"https:\/\/qware-banking.com\/es\/about-us\/\" \/>\r\n<meta property=\"og:locale\" content=\"es_ES\" \/>\r\n<meta property=\"og:type\" content=\"article\" \/>\r\n<meta property=\"og:title\" content=\"About Us - QWare Banking\" \/>\r\n<meta property=\"og:url\" content=\"https:\/\/qware-banking.com\/es\/about-us\/\" \/>\r\n<meta property=\"og:site_name\" content=\"QWare Banking\" \/>\r\n<meta property=\"article:modified_time\" content=\"2024-03-05T15:20:52+00:00\" \/>\r\n<meta name=\"twitter:card\" content=\"summary_large_image\" \/>\r\n<meta name=\"twitter:label1\" content=\"Tiempo de lectura\" \/>\n\t<meta name=\"twitter:data1\" content=\"1 minuto\" \/>\r\n<script type=\"application\/ld+json\" class=\"yoast-schema-graph\">{\"@context\":\"https:\/\/schema.org\",\"@graph\":[{\"@type\":\"WebPage\",\"@id\":\"https:\/\/qware-banking.com\/about-us\/\",\"url\":\"https:\/\/qware-banking.com\/about-us\/\",\"name\":\"About Us - QWare Banking\",\"isPartOf\":{\"@id\":\"https:\/\/qware-banking.com\/#website\"},\"datePublished\":\"2014-09-12T09:58:03+00:00\",\"dateModified\":\"2024-03-05T15:20:52+00:00\",\"breadcrumb\":{\"@id\":\"https:\/\/qware-banking.com\/about-us\/#breadcrumb\"},\"inLanguage\":\"es\",\"potentialAction\":[{\"@type\":\"ReadAction\",\"target\":[\"https:\/\/qware-banking.com\/about-us\/\"]}]},{\"@type\":\"BreadcrumbList\",\"@id\":\"https:\/\/qware-banking.com\/about-us\/#breadcrumb\",\"itemListElement\":[{\"@type\":\"ListItem\",\"position\":1,\"name\":\"Home\",\"item\":\"https:\/\/qware-banking.com\/\"},{\"@type\":\"ListItem\",\"position\":2,\"name\":\"About Us\"}]},{\"@type\":\"WebSite\",\"@id\":\"https:\/\/qware-banking.com\/#website\",\"url\":\"https:\/\/qware-banking.com\/\",\"name\":\"QWare Banking\",\"description\":\"Your core banking solution in the cloud\",\"potentialAction\":[{\"@type\":\"SearchAction\",\"target\":{\"@type\":\"EntryPoint\",\"urlTemplate\":\"https:\/\/qware-banking.com\/?s={search_term_string}\"},\"query-input\":\"required name=search_term_string\"}],\"inLanguage\":\"es\"}]}<\/script>\r\n<!-- \/ Yoast SEO plugin. -->","yoast_head_json":{"title":"About Us - QWare Banking","robots":{"index":"index","follow":"follow","max-snippet":"max-snippet:-1","max-image-preview":"max-image-preview:large","max-video-preview":"max-video-preview:-1"},"canonical":"https:\/\/qware-banking.com\/es\/about-us\/","og_locale":"es_ES","og_type":"article","og_title":"About Us - QWare Banking","og_url":"https:\/\/qware-banking.com\/es\/about-us\/","og_site_name":"QWare Banking","article_modified_time":"2024-03-05T15:20:52+00:00","twitter_card":"summary_large_image","twitter_misc":{"Tiempo de lectura":"1 minuto"},"schema":{"@context":"https:\/\/schema.org","@graph":[{"@type":"WebPage","@id":"https:\/\/qware-banking.com\/about-us\/","url":"https:\/\/qware-banking.com\/about-us\/","name":"About Us - QWare Banking","isPartOf":{"@id":"https:\/\/qware-banking.com\/#website"},"datePublished":"2014-09-12T09:58:03+00:00","dateModified":"2024-03-05T15:20:52+00:00","breadcrumb":{"@id":"https:\/\/qware-banking.com\/about-us\/#breadcrumb"},"inLanguage":"es","potentialAction":[{"@type":"ReadAction","target":["https:\/\/qware-banking.com\/about-us\/"]}]},{"@type":"BreadcrumbList","@id":"https:\/\/qware-banking.com\/about-us\/#breadcrumb","itemListElement":[{"@type":"ListItem","position":1,"name":"Home","item":"https:\/\/qware-banking.com\/"},{"@type":"ListItem","position":2,"name":"About Us"}]},{"@type":"WebSite","@id":"https:\/\/qware-banking.com\/#website","url":"https:\/\/qware-banking.com\/","name":"QWare Banking","description":"Your core banking solution in the cloud","potentialAction":[{"@type":"SearchAction","target":{"@type":"EntryPoint","urlTemplate":"https:\/\/qware-banking.com\/?s={search_term_string}"},"query-input":"required name=search_term_string"}],"inLanguage":"es"}]}},"_links":{"self":[{"href":"https:\/\/qware-banking.com\/es\/wp-json\/wp\/v2\/pages\/83"}],"collection":[{"href":"https:\/\/qware-banking.com\/es\/wp-json\/wp\/v2\/pages"}],"about":[{"href":"https:\/\/qware-banking.com\/es\/wp-json\/wp\/v2\/types\/page"}],"author":[{"embeddable":true,"href":"https:\/\/qware-banking.com\/es\/wp-json\/wp\/v2\/users\/1"}],"replies":[{"embeddable":true,"href":"https:\/\/qware-banking.com\/es\/wp-json\/wp\/v2\/comments?post=83"}],"version-history":[{"count":38,"href":"https:\/\/qware-banking.com\/es\/wp-json\/wp\/v2\/pages\/83\/revisions"}],"predecessor-version":[{"id":16043,"href":"https:\/\/qware-banking.com\/es\/wp-json\/wp\/v2\/pages\/83\/revisions\/16043"}],"wp:attachment":[{"href":"https:\/\/qware-banking.com\/es\/wp-json\/wp\/v2\/media?parent=83"}],"curies":[{"name":"wp","href":"https:\/\/api.w.org\/{rel}","templated":true}]}}