{"id":2349,"date":"2020-05-11T07:19:23","date_gmt":"2020-05-11T07:19:23","guid":{"rendered":"https:\/\/qware-banking.com\/?page_id=2349"},"modified":"2024-03-05T14:40:06","modified_gmt":"2024-03-05T14:40:06","slug":"our_clients","status":"publish","type":"page","link":"https:\/\/qware-banking.com\/fr\/our_clients\/","title":{"rendered":"NOS CLIENTS"},"content":{"rendered":"<p>QWare a \u00e9t\u00e9 d\u00e9velopp\u00e9 gr\u00e2ce \u00e0 une vaste exp\u00e9rience dans la mise en \u0153uvre de syst\u00e8mes bancaires centraux dans des entreprises du monde entier. Nous avons et continuons \u00e0 servir nos clients avec toutes nos solutions logicielles, en nous basant sur une compr\u00e9hension des besoins r\u00e9els des entreprises. <\/p>","protected":false},"excerpt":{"rendered":"<p>QWare was developed with an extensive experience with core banking system implementation in companies all over the world. We have, and continue to serve clients with all our software solutions, based on the understanding of the actual business necessities.<\/p>","protected":false},"author":2,"featured_media":0,"parent":0,"menu_order":0,"comment_status":"closed","ping_status":"closed","template":"","meta":{"_mi_skip_tracking":false,"_monsterinsights_sitenote_active":false,"_monsterinsights_sitenote_note":"","_monsterinsights_sitenote_category":0},"yoast_head":"<!-- This site is optimized with the Yoast SEO plugin v20.9 - https:\/\/yoast.com\/wordpress\/plugins\/seo\/ -->\r\n<title>Our Clients - QWare Banking<\/title>\r\n<meta name=\"robots\" content=\"index, follow, max-snippet:-1, max-image-preview:large, max-video-preview:-1\" \/>\r\n<link rel=\"canonical\" href=\"https:\/\/qware-banking.com\/fr\/our_clients\/\" \/>\r\n<meta property=\"og:locale\" content=\"fr_FR\" \/>\r\n<meta property=\"og:type\" content=\"article\" \/>\r\n<meta property=\"og:title\" content=\"Our Clients - QWare Banking\" \/>\r\n<meta property=\"og:description\" content=\"QWare was developed with an extensive experience with core banking system implementation in companies all over the world. We have, and continue to serve clients with all our software solutions, based on the understanding of the actual business necessities.\" \/>\r\n<meta property=\"og:url\" content=\"https:\/\/qware-banking.com\/fr\/our_clients\/\" \/>\r\n<meta property=\"og:site_name\" content=\"QWare Banking\" \/>\r\n<meta property=\"article:modified_time\" content=\"2024-03-05T14:40:06+00:00\" \/>\r\n<meta name=\"twitter:card\" content=\"summary_large_image\" \/>\r\n<meta name=\"twitter:label1\" content=\"Dur\u00e9e de lecture estim\u00e9e\" \/>\n\t<meta name=\"twitter:data1\" content=\"1 minute\" \/>\r\n<script type=\"application\/ld+json\" class=\"yoast-schema-graph\">{\"@context\":\"https:\/\/schema.org\",\"@graph\":[{\"@type\":\"WebPage\",\"@id\":\"https:\/\/qware-banking.com\/our_clients\/\",\"url\":\"https:\/\/qware-banking.com\/our_clients\/\",\"name\":\"Our Clients - QWare Banking\",\"isPartOf\":{\"@id\":\"https:\/\/qware-banking.com\/#website\"},\"datePublished\":\"2020-05-11T07:19:23+00:00\",\"dateModified\":\"2024-03-05T14:40:06+00:00\",\"breadcrumb\":{\"@id\":\"https:\/\/qware-banking.com\/our_clients\/#breadcrumb\"},\"inLanguage\":\"fr-FR\",\"potentialAction\":[{\"@type\":\"ReadAction\",\"target\":[\"https:\/\/qware-banking.com\/our_clients\/\"]}]},{\"@type\":\"BreadcrumbList\",\"@id\":\"https:\/\/qware-banking.com\/our_clients\/#breadcrumb\",\"itemListElement\":[{\"@type\":\"ListItem\",\"position\":1,\"name\":\"Home\",\"item\":\"https:\/\/qware-banking.com\/\"},{\"@type\":\"ListItem\",\"position\":2,\"name\":\"Our Clients\"}]},{\"@type\":\"WebSite\",\"@id\":\"https:\/\/qware-banking.com\/#website\",\"url\":\"https:\/\/qware-banking.com\/\",\"name\":\"QWare Banking\",\"description\":\"Your core banking solution in the cloud\",\"potentialAction\":[{\"@type\":\"SearchAction\",\"target\":{\"@type\":\"EntryPoint\",\"urlTemplate\":\"https:\/\/qware-banking.com\/?s={search_term_string}\"},\"query-input\":\"required name=search_term_string\"}],\"inLanguage\":\"fr-FR\"}]}<\/script>\r\n<!-- \/ Yoast SEO plugin. -->","yoast_head_json":{"title":"Our Clients - QWare Banking","robots":{"index":"index","follow":"follow","max-snippet":"max-snippet:-1","max-image-preview":"max-image-preview:large","max-video-preview":"max-video-preview:-1"},"canonical":"https:\/\/qware-banking.com\/fr\/our_clients\/","og_locale":"fr_FR","og_type":"article","og_title":"Our Clients - QWare Banking","og_description":"QWare was developed with an extensive experience with core banking system implementation in companies all over the world. We have, and continue to serve clients with all our software solutions, based on the understanding of the actual business necessities.","og_url":"https:\/\/qware-banking.com\/fr\/our_clients\/","og_site_name":"QWare Banking","article_modified_time":"2024-03-05T14:40:06+00:00","twitter_card":"summary_large_image","twitter_misc":{"Dur\u00e9e de lecture estim\u00e9e":"1 minute"},"schema":{"@context":"https:\/\/schema.org","@graph":[{"@type":"WebPage","@id":"https:\/\/qware-banking.com\/our_clients\/","url":"https:\/\/qware-banking.com\/our_clients\/","name":"Our Clients - QWare Banking","isPartOf":{"@id":"https:\/\/qware-banking.com\/#website"},"datePublished":"2020-05-11T07:19:23+00:00","dateModified":"2024-03-05T14:40:06+00:00","breadcrumb":{"@id":"https:\/\/qware-banking.com\/our_clients\/#breadcrumb"},"inLanguage":"fr-FR","potentialAction":[{"@type":"ReadAction","target":["https:\/\/qware-banking.com\/our_clients\/"]}]},{"@type":"BreadcrumbList","@id":"https:\/\/qware-banking.com\/our_clients\/#breadcrumb","itemListElement":[{"@type":"ListItem","position":1,"name":"Home","item":"https:\/\/qware-banking.com\/"},{"@type":"ListItem","position":2,"name":"Our Clients"}]},{"@type":"WebSite","@id":"https:\/\/qware-banking.com\/#website","url":"https:\/\/qware-banking.com\/","name":"QWare Banking","description":"Your core banking solution in the cloud","potentialAction":[{"@type":"SearchAction","target":{"@type":"EntryPoint","urlTemplate":"https:\/\/qware-banking.com\/?s={search_term_string}"},"query-input":"required name=search_term_string"}],"inLanguage":"fr-FR"}]}},"_links":{"self":[{"href":"https:\/\/qware-banking.com\/fr\/wp-json\/wp\/v2\/pages\/2349"}],"collection":[{"href":"https:\/\/qware-banking.com\/fr\/wp-json\/wp\/v2\/pages"}],"about":[{"href":"https:\/\/qware-banking.com\/fr\/wp-json\/wp\/v2\/types\/page"}],"author":[{"embeddable":true,"href":"https:\/\/qware-banking.com\/fr\/wp-json\/wp\/v2\/users\/2"}],"replies":[{"embeddable":true,"href":"https:\/\/qware-banking.com\/fr\/wp-json\/wp\/v2\/comments?post=2349"}],"version-history":[{"count":8,"href":"https:\/\/qware-banking.com\/fr\/wp-json\/wp\/v2\/pages\/2349\/revisions"}],"predecessor-version":[{"id":16040,"href":"https:\/\/qware-banking.com\/fr\/wp-json\/wp\/v2\/pages\/2349\/revisions\/16040"}],"wp:attachment":[{"href":"https:\/\/qware-banking.com\/fr\/wp-json\/wp\/v2\/media?parent=2349"}],"curies":[{"name":"wp","href":"https:\/\/api.w.org\/{rel}","templated":true}]}}