{"id":2511,"date":"2020-05-25T13:18:48","date_gmt":"2020-05-25T13:18:48","guid":{"rendered":"https:\/\/qware-banking.com\/?page_id=2511"},"modified":"2021-01-06T11:41:30","modified_gmt":"2021-01-06T11:41:30","slug":"end-user-reporting","status":"publish","type":"page","link":"https:\/\/qware-banking.com\/fr\/end-user-reporting\/","title":{"rendered":"Rapports sur les utilisateurs finaux"},"content":{"rendered":"<div id=\"fws_69d12d6c15cad\" class=\"vc_row wpb_row vc_row-fluid  animate_onoffset row-dynamic-el standard_section\" style=\"\" ><div  style=\"position: absolute;top: 0;\"><\/div><div class=\"container  dark\"><div class=\"section_clear\">\n\t<div class=\"vc_col-sm-10 wpb_column column_container\" style=\"\" data-animation=\"none\" data-delay=\"\">\n\t\t\t<div class=\"wpb_wrapper\">\n\t\t\t\t\n\t<div class=\"wpb_text_column wpb_content_element\">\n\t\t<div class=\"wpb_wrapper\" >\n\t\t\t<div>Outre un ensemble de rapports pr\u00e9d\u00e9finis, QWare offre la possibilit\u00e9 de cr\u00e9er des rapports personnalis\u00e9s facilement ajustables, qui r\u00e9pondront \u00e0 des exigences sp\u00e9cifiques, non seulement pour l'institution dans son ensemble, mais \u00e9galement pour chaque utilisateur final.<\/div>\n<div><\/div>\n<div><\/div>\n\n\t\t<\/div> \n\t<\/div> <div class=\"wpb_content_element media_align_left media media_el animate_onoffset\"><div class=\"media_wrapper\" ><img src=\"\/wp-content\/uploads\/2020\/10\/end-user.png\" alt=\"Alt Text\" class=\"type_image animated fadeInnone alignment_left\" \/><\/div><\/div>\n\t<div class=\"wpb_text_column wpb_content_element\">\n\t\t<div class=\"wpb_wrapper\" >\n\t\t\t<div>\n<div>Ainsi, le concepteur de rapports d'utilisateur fina permet \u00e0 une institution de d\u00e9l\u00e9guer la cr\u00e9ation et la personnalisation du rapport, avec chaque utilisateur final capable de cr\u00e9er ses propres rapports personnalis\u00e9s.<\/div>\n<\/div>\n<div><\/div>\n\n\t\t<\/div> \n\t<\/div> \n\t<div class=\"wpb_video_widget wpb_content_element vc_clearfix   vc_video-aspect-ratio-169 vc_video-el-width-70 vc_video-align-center\" >\n\t\t<div class=\"wpb_wrapper\">\n\t\t\t\n\t\t\t<div class=\"wpb_video_wrapper\"><iframe title=\"End-User Reporting in QWare\" width=\"940\" height=\"529\" src=\"https:\/\/www.youtube.com\/embed\/jxoFDoYCxCE?feature=oembed\" frameborder=\"0\" allow=\"accelerometer; autoplay; clipboard-write; encrypted-media; gyroscope; picture-in-picture\" allowfullscreen><\/iframe><\/div>\n\t\t<\/div>\n\t<\/div>\n\n\t\t\t<\/div> \n\t<\/div> \n\n\t<div class=\"vc_col-sm-2 wpb_column column_container\" style=\"\" data-animation=\"none\" data-delay=\"\">\n\t\t\t<div class=\"wpb_wrapper\">\n\t\t\t\t\n\t\t\t<\/div> \n\t<\/div> \n<\/div><\/div><\/div><div id=\"fws_69d12d6c18d0c\" class=\"vc_row wpb_row vc_row-fluid  animate_onoffset row-dynamic-el standard_section\" style=\"\" ><div  style=\"position: absolute;top: 0;\"><\/div><div class=\"container  dark\"><div class=\"section_clear\">\n\t<div class=\"vc_col-sm-6 wpb_column column_container\" style=\"\" data-animation=\"none\" data-delay=\"\">\n\t\t\t<div class=\"wpb_wrapper\">\n\t\t\t\t\n\t<div class=\"wpb_text_column wpb_content_element\">\n\t\t<div class=\"wpb_wrapper\" >\n\t\t\t<p>Nous serons heureux de vous pr\u00e9senter une version de d\u00e9monstration.\nLaissez vos coordonn\u00e9es sur le formulaire et nous vous contacterons rapidement.<\/p>\n\n\t\t<\/div> \n\t<\/div> \n\t\t\t<\/div> \n\t<\/div> \n\n\t<div class=\"vc_col-sm-6 wpb_column column_container\" style=\"\" data-animation=\"none\" data-delay=\"\">\n\t\t\t<div class=\"wpb_wrapper\">\n\t\t\t\t<div class=\"wpb_content_element button\"><a  class=\"btn-bt align-left default\" href=\"https:\/\/qware-banking.com\/index.php\/request-a-demo\/\"><span>Demandez une d\u00e9monstration<\/span><i class=\"steadysets-icon-laptop\"><\/i><\/a><\/div>\n\t\t\t<\/div> \n\t<\/div> \n<\/div><\/div><\/div>","protected":false},"excerpt":{"rendered":"Apart from a set of predefined reports, QWare offers the possibility of creating easily adjustable custom reports, that will fit specific requirements, not only for the institution as a whole, but for each end-user as well. Thus, the End-User Report Designer allows an institution to delegate the report creation and customization, with each end-user able [...]","protected":false},"author":2,"featured_media":0,"parent":0,"menu_order":0,"comment_status":"closed","ping_status":"closed","template":"","meta":{"_mi_skip_tracking":false,"_monsterinsights_sitenote_active":false,"_monsterinsights_sitenote_note":"","_monsterinsights_sitenote_category":0},"yoast_head":"<!-- This site is optimized with the Yoast SEO plugin v20.9 - https:\/\/yoast.com\/wordpress\/plugins\/seo\/ -->\r\n<title>End-User Reporting - QWare Banking<\/title>\r\n<meta name=\"robots\" content=\"index, follow, max-snippet:-1, max-image-preview:large, max-video-preview:-1\" \/>\r\n<link rel=\"canonical\" href=\"https:\/\/qware-banking.com\/fr\/end-user-reporting\/\" \/>\r\n<meta property=\"og:locale\" content=\"fr_FR\" \/>\r\n<meta property=\"og:type\" content=\"article\" \/>\r\n<meta property=\"og:title\" content=\"End-User Reporting - QWare Banking\" \/>\r\n<meta property=\"og:url\" content=\"https:\/\/qware-banking.com\/fr\/end-user-reporting\/\" \/>\r\n<meta property=\"og:site_name\" content=\"QWare Banking\" \/>\r\n<meta property=\"article:modified_time\" content=\"2021-01-06T11:41:30+00:00\" \/>\r\n<meta name=\"twitter:card\" content=\"summary_large_image\" \/>\r\n<meta name=\"twitter:label1\" content=\"Dur\u00e9e de lecture estim\u00e9e\" \/>\n\t<meta name=\"twitter:data1\" content=\"1 minute\" \/>\r\n<script type=\"application\/ld+json\" class=\"yoast-schema-graph\">{\"@context\":\"https:\/\/schema.org\",\"@graph\":[{\"@type\":\"WebPage\",\"@id\":\"https:\/\/qware-banking.com\/end-user-reporting\/\",\"url\":\"https:\/\/qware-banking.com\/end-user-reporting\/\",\"name\":\"End-User Reporting - QWare Banking\",\"isPartOf\":{\"@id\":\"https:\/\/qware-banking.com\/#website\"},\"datePublished\":\"2020-05-25T13:18:48+00:00\",\"dateModified\":\"2021-01-06T11:41:30+00:00\",\"breadcrumb\":{\"@id\":\"https:\/\/qware-banking.com\/end-user-reporting\/#breadcrumb\"},\"inLanguage\":\"fr-FR\",\"potentialAction\":[{\"@type\":\"ReadAction\",\"target\":[\"https:\/\/qware-banking.com\/end-user-reporting\/\"]}]},{\"@type\":\"BreadcrumbList\",\"@id\":\"https:\/\/qware-banking.com\/end-user-reporting\/#breadcrumb\",\"itemListElement\":[{\"@type\":\"ListItem\",\"position\":1,\"name\":\"Home\",\"item\":\"https:\/\/qware-banking.com\/\"},{\"@type\":\"ListItem\",\"position\":2,\"name\":\"End-User Reporting\"}]},{\"@type\":\"WebSite\",\"@id\":\"https:\/\/qware-banking.com\/#website\",\"url\":\"https:\/\/qware-banking.com\/\",\"name\":\"QWare Banking\",\"description\":\"Your core banking solution in the cloud\",\"potentialAction\":[{\"@type\":\"SearchAction\",\"target\":{\"@type\":\"EntryPoint\",\"urlTemplate\":\"https:\/\/qware-banking.com\/?s={search_term_string}\"},\"query-input\":\"required name=search_term_string\"}],\"inLanguage\":\"fr-FR\"}]}<\/script>\r\n<!-- \/ Yoast SEO plugin. -->","yoast_head_json":{"title":"End-User Reporting - QWare Banking","robots":{"index":"index","follow":"follow","max-snippet":"max-snippet:-1","max-image-preview":"max-image-preview:large","max-video-preview":"max-video-preview:-1"},"canonical":"https:\/\/qware-banking.com\/fr\/end-user-reporting\/","og_locale":"fr_FR","og_type":"article","og_title":"End-User Reporting - QWare Banking","og_url":"https:\/\/qware-banking.com\/fr\/end-user-reporting\/","og_site_name":"QWare Banking","article_modified_time":"2021-01-06T11:41:30+00:00","twitter_card":"summary_large_image","twitter_misc":{"Dur\u00e9e de lecture estim\u00e9e":"1 minute"},"schema":{"@context":"https:\/\/schema.org","@graph":[{"@type":"WebPage","@id":"https:\/\/qware-banking.com\/end-user-reporting\/","url":"https:\/\/qware-banking.com\/end-user-reporting\/","name":"End-User Reporting - QWare Banking","isPartOf":{"@id":"https:\/\/qware-banking.com\/#website"},"datePublished":"2020-05-25T13:18:48+00:00","dateModified":"2021-01-06T11:41:30+00:00","breadcrumb":{"@id":"https:\/\/qware-banking.com\/end-user-reporting\/#breadcrumb"},"inLanguage":"fr-FR","potentialAction":[{"@type":"ReadAction","target":["https:\/\/qware-banking.com\/end-user-reporting\/"]}]},{"@type":"BreadcrumbList","@id":"https:\/\/qware-banking.com\/end-user-reporting\/#breadcrumb","itemListElement":[{"@type":"ListItem","position":1,"name":"Home","item":"https:\/\/qware-banking.com\/"},{"@type":"ListItem","position":2,"name":"End-User Reporting"}]},{"@type":"WebSite","@id":"https:\/\/qware-banking.com\/#website","url":"https:\/\/qware-banking.com\/","name":"QWare Banking","description":"Your core banking solution in the cloud","potentialAction":[{"@type":"SearchAction","target":{"@type":"EntryPoint","urlTemplate":"https:\/\/qware-banking.com\/?s={search_term_string}"},"query-input":"required name=search_term_string"}],"inLanguage":"fr-FR"}]}},"_links":{"self":[{"href":"https:\/\/qware-banking.com\/fr\/wp-json\/wp\/v2\/pages\/2511"}],"collection":[{"href":"https:\/\/qware-banking.com\/fr\/wp-json\/wp\/v2\/pages"}],"about":[{"href":"https:\/\/qware-banking.com\/fr\/wp-json\/wp\/v2\/types\/page"}],"author":[{"embeddable":true,"href":"https:\/\/qware-banking.com\/fr\/wp-json\/wp\/v2\/users\/2"}],"replies":[{"embeddable":true,"href":"https:\/\/qware-banking.com\/fr\/wp-json\/wp\/v2\/comments?post=2511"}],"version-history":[{"count":29,"href":"https:\/\/qware-banking.com\/fr\/wp-json\/wp\/v2\/pages\/2511\/revisions"}],"predecessor-version":[{"id":2901,"href":"https:\/\/qware-banking.com\/fr\/wp-json\/wp\/v2\/pages\/2511\/revisions\/2901"}],"wp:attachment":[{"href":"https:\/\/qware-banking.com\/fr\/wp-json\/wp\/v2\/media?parent=2511"}],"curies":[{"name":"wp","href":"https:\/\/api.w.org\/{rel}","templated":true}]}}