{"id":2570,"date":"2020-07-03T10:38:42","date_gmt":"2020-07-03T10:38:42","guid":{"rendered":"https:\/\/qware-banking.com\/?page_id=2570"},"modified":"2020-10-07T11:11:55","modified_gmt":"2020-10-07T11:11:55","slug":"document-management-system","status":"publish","type":"page","link":"https:\/\/qware-banking.com\/fr\/document-management-system\/","title":{"rendered":"Syst\u00e8me de gestion des documents"},"content":{"rendered":"<div id=\"fws_69e166cec5c2d\" class=\"vc_row wpb_row vc_row-fluid  animate_onoffset row-dynamic-el standard_section\" style=\"\" ><div  style=\"position: absolute;top: 0;\"><\/div><div class=\"container  dark\"><div class=\"section_clear\">\n\t<div class=\"vc_col-sm-10 wpb_column column_container\" style=\"\" data-animation=\"none\" data-delay=\"\">\n\t\t\t<div class=\"wpb_wrapper\">\n\t\t\t\t\n\t<div class=\"wpb_text_column wpb_content_element\">\n\t\t<div class=\"wpb_wrapper\" >\n\t\t\t<p>QWare <strong>Syst\u00e8me de gestion des documents<\/strong> prend en charge le stockage, gestion et suivi \u00e9lectroniques des documents \u00e9lectroniques, permettant \u00e0 une institution financi\u00e8re d'utiliser une seule archive \u00e9lectronique pour stocker et organiser les documents num\u00e9ris\u00e9s et t\u00e9l\u00e9charg\u00e9s. DMS est enti\u00e8rement int\u00e9gr\u00e9 au moteur de workflow. De cette fa\u00e7on, l'efficacit\u00e9 est accrue dans toutes les op\u00e9rations, qui sont soutenues par les documents conserv\u00e9s tout au long du processus (dans un processus d'origination de Pr\u00eat par exemple).<\/p>\n<p>DMS est enti\u00e8rement int\u00e9gr\u00e9 au moteur de workflow.<\/p>\n<p>De cette fa\u00e7on, l'efficacit\u00e9 est accrue dans toutes les op\u00e9rations, qui sont soutenues par les documents conserv\u00e9s tout au long du processus (dans un processus d'origination de Pr\u00eat par exemple).<\/p>\n\n\t\t<\/div> \n\t<\/div> \n\t\t\t<\/div> \n\t<\/div> \n\n\t<div class=\"vc_col-sm-2 wpb_column column_container\" style=\"\" data-animation=\"none\" data-delay=\"\">\n\t\t\t<div class=\"wpb_wrapper\">\n\t\t\t\t\n\t\t\t<\/div> \n\t<\/div> \n<\/div><\/div><\/div><div id=\"fws_69e166cec6782\" class=\"vc_row wpb_row vc_row-fluid  animate_onoffset row-dynamic-el standard_section\" style=\"\" ><div  style=\"position: absolute;top: 0;\"><\/div><div class=\"container  dark\"><div class=\"section_clear\">\n\t<div class=\"vc_col-sm-8 wpb_column column_container\" style=\"\" data-animation=\"none\" data-delay=\"\">\n\t\t\t<div class=\"wpb_wrapper\">\n\t\t\t\t<div class=\"wpb_content_element media_align_left media media_el animate_onoffset\"><div class=\"media_wrapper\" ><img src=\"\/wp-content\/uploads\/2020\/10\/dms.png\" alt=\"Alt Text\" class=\"type_image animated fadeInnone alignment_left\" \/><\/div><\/div>\n\t\t\t<\/div> \n\t<\/div> \n\n\t<div class=\"vc_col-sm-4 wpb_column column_container\" style=\"\" data-animation=\"none\" data-delay=\"\">\n\t\t\t<div class=\"wpb_wrapper\">\n\t\t\t\t\n\t<div class=\"wpb_text_column wpb_content_element\">\n\t\t<div class=\"wpb_wrapper\" >\n\t\t\t\n\t\t<\/div> \n\t<\/div> \n\t\t\t<\/div> \n\t<\/div> \n<\/div><\/div><\/div><div id=\"fws_69e166cec7dd0\" class=\"vc_row wpb_row vc_row-fluid  animate_onoffset row-dynamic-el standard_section\" style=\"\" ><div  style=\"position: absolute;top: 0;\"><\/div><div class=\"container  dark\"><div class=\"section_clear\">\n\t<div class=\"vc_col-sm-10 wpb_column column_container\" style=\"\" data-animation=\"none\" data-delay=\"\">\n\t\t\t<div class=\"wpb_wrapper\">\n\t\t\t\t\n\t<div class=\"wpb_text_column wpb_content_element\">\n\t\t<div class=\"wpb_wrapper\" >\n\t\t\t<p><span style=\"color: #999999;\">Avantages - <\/span>Syst\u00e8me de gestion des documents<\/p>\n<ul>\n<li>Flexible<\/li>\n<li>Tr\u00e8s simple \u00e0 utiliser<\/li>\n<li>Efficacit\u00e9 et productivit\u00e9 dans les processus d'affaires<\/li>\n<li>Respecte des exigences r\u00e9glementaires<\/li>\n<li>Rapide<\/li>\n<li>R\u00e9duction des co\u00fbts de papier et de stockage<\/li>\n<li>Stockage s\u00e9curis\u00e9 des documents<\/li>\n<li>Int\u00e9gration avec d'autres applications<\/li>\n<\/ul>\n\n\t\t<\/div> \n\t<\/div> \n\t\t\t<\/div> \n\t<\/div> \n\n\t<div class=\"vc_col-sm-2 wpb_column column_container\" style=\"\" data-animation=\"none\" data-delay=\"\">\n\t\t\t<div class=\"wpb_wrapper\">\n\t\t\t\t\n\t\t\t<\/div> \n\t<\/div> \n<\/div><\/div><\/div><div id=\"fws_69e166cec8109\" class=\"vc_row wpb_row vc_row-fluid  animate_onoffset row-dynamic-el standard_section\" style=\"\" ><div  style=\"position: absolute;top: 0;\"><\/div><div class=\"container  dark\"><div class=\"section_clear\">\n\t<div class=\"vc_col-sm-6 wpb_column column_container\" style=\"\" data-animation=\"none\" data-delay=\"\">\n\t\t\t<div class=\"wpb_wrapper\">\n\t\t\t\t\n\t<div class=\"wpb_text_column wpb_content_element\">\n\t\t<div class=\"wpb_wrapper\" >\n\t\t\t<p>Nous serons heureux de vous pr\u00e9senter une version de d\u00e9monstration.\nLaissez vos coordonn\u00e9es sur le formulaire et nous vous contacterons rapidement.<\/p>\n\n\t\t<\/div> \n\t<\/div> \n\t\t\t<\/div> \n\t<\/div> \n\n\t<div class=\"vc_col-sm-6 wpb_column column_container\" style=\"\" data-animation=\"none\" data-delay=\"\">\n\t\t\t<div class=\"wpb_wrapper\">\n\t\t\t\t<div class=\"wpb_content_element button\"><a  target=\"_blank\"  class=\"btn-bt align-left default\" href=\"https:\/\/qware-banking.com\/index.php\/request-a-demo\/\"><span>Demandez une d\u00e9monstration<\/span><i class=\"steadysets-icon-laptop\"><\/i><\/a><\/div>\n\t\t\t<\/div> \n\t<\/div> \n<\/div><\/div><\/div>","protected":false},"excerpt":{"rendered":"QWare Document Management System supports the electronic storage, management and tracking of electronic documents, allowing a financial institution to use a single electronic archive to store and organize scanned and uploaded documents. This system is essential for business automatization, simplifying and making operations more efficient while reducing the risks and costs associated with storing paper [...]","protected":false},"author":2,"featured_media":0,"parent":0,"menu_order":0,"comment_status":"closed","ping_status":"closed","template":"","meta":{"_mi_skip_tracking":false,"_monsterinsights_sitenote_active":false,"_monsterinsights_sitenote_note":"","_monsterinsights_sitenote_category":0},"yoast_head":"<!-- This site is optimized with the Yoast SEO plugin v20.9 - https:\/\/yoast.com\/wordpress\/plugins\/seo\/ -->\r\n<title>Document Management System - QWare Banking<\/title>\r\n<meta name=\"robots\" content=\"index, follow, max-snippet:-1, max-image-preview:large, max-video-preview:-1\" \/>\r\n<link rel=\"canonical\" href=\"https:\/\/qware-banking.com\/fr\/document-management-system\/\" \/>\r\n<meta property=\"og:locale\" content=\"fr_FR\" \/>\r\n<meta property=\"og:type\" content=\"article\" \/>\r\n<meta property=\"og:title\" content=\"Document Management System - QWare Banking\" \/>\r\n<meta property=\"og:url\" content=\"https:\/\/qware-banking.com\/fr\/document-management-system\/\" \/>\r\n<meta property=\"og:site_name\" content=\"QWare Banking\" \/>\r\n<meta property=\"article:modified_time\" content=\"2020-10-07T11:11:55+00:00\" \/>\r\n<meta name=\"twitter:card\" content=\"summary_large_image\" \/>\r\n<meta name=\"twitter:label1\" content=\"Dur\u00e9e de lecture estim\u00e9e\" \/>\n\t<meta name=\"twitter:data1\" content=\"2 minutes\" \/>\r\n<script type=\"application\/ld+json\" class=\"yoast-schema-graph\">{\"@context\":\"https:\/\/schema.org\",\"@graph\":[{\"@type\":\"WebPage\",\"@id\":\"https:\/\/qware-banking.com\/document-management-system\/\",\"url\":\"https:\/\/qware-banking.com\/document-management-system\/\",\"name\":\"Document Management System - QWare Banking\",\"isPartOf\":{\"@id\":\"https:\/\/qware-banking.com\/#website\"},\"datePublished\":\"2020-07-03T10:38:42+00:00\",\"dateModified\":\"2020-10-07T11:11:55+00:00\",\"breadcrumb\":{\"@id\":\"https:\/\/qware-banking.com\/document-management-system\/#breadcrumb\"},\"inLanguage\":\"fr-FR\",\"potentialAction\":[{\"@type\":\"ReadAction\",\"target\":[\"https:\/\/qware-banking.com\/document-management-system\/\"]}]},{\"@type\":\"BreadcrumbList\",\"@id\":\"https:\/\/qware-banking.com\/document-management-system\/#breadcrumb\",\"itemListElement\":[{\"@type\":\"ListItem\",\"position\":1,\"name\":\"Home\",\"item\":\"https:\/\/qware-banking.com\/\"},{\"@type\":\"ListItem\",\"position\":2,\"name\":\"Document Management System\"}]},{\"@type\":\"WebSite\",\"@id\":\"https:\/\/qware-banking.com\/#website\",\"url\":\"https:\/\/qware-banking.com\/\",\"name\":\"QWare Banking\",\"description\":\"Your core banking solution in the cloud\",\"potentialAction\":[{\"@type\":\"SearchAction\",\"target\":{\"@type\":\"EntryPoint\",\"urlTemplate\":\"https:\/\/qware-banking.com\/?s={search_term_string}\"},\"query-input\":\"required name=search_term_string\"}],\"inLanguage\":\"fr-FR\"}]}<\/script>\r\n<!-- \/ Yoast SEO plugin. -->","yoast_head_json":{"title":"Document Management System - QWare Banking","robots":{"index":"index","follow":"follow","max-snippet":"max-snippet:-1","max-image-preview":"max-image-preview:large","max-video-preview":"max-video-preview:-1"},"canonical":"https:\/\/qware-banking.com\/fr\/document-management-system\/","og_locale":"fr_FR","og_type":"article","og_title":"Document Management System - QWare Banking","og_url":"https:\/\/qware-banking.com\/fr\/document-management-system\/","og_site_name":"QWare Banking","article_modified_time":"2020-10-07T11:11:55+00:00","twitter_card":"summary_large_image","twitter_misc":{"Dur\u00e9e de lecture estim\u00e9e":"2 minutes"},"schema":{"@context":"https:\/\/schema.org","@graph":[{"@type":"WebPage","@id":"https:\/\/qware-banking.com\/document-management-system\/","url":"https:\/\/qware-banking.com\/document-management-system\/","name":"Document Management System - QWare Banking","isPartOf":{"@id":"https:\/\/qware-banking.com\/#website"},"datePublished":"2020-07-03T10:38:42+00:00","dateModified":"2020-10-07T11:11:55+00:00","breadcrumb":{"@id":"https:\/\/qware-banking.com\/document-management-system\/#breadcrumb"},"inLanguage":"fr-FR","potentialAction":[{"@type":"ReadAction","target":["https:\/\/qware-banking.com\/document-management-system\/"]}]},{"@type":"BreadcrumbList","@id":"https:\/\/qware-banking.com\/document-management-system\/#breadcrumb","itemListElement":[{"@type":"ListItem","position":1,"name":"Home","item":"https:\/\/qware-banking.com\/"},{"@type":"ListItem","position":2,"name":"Document Management System"}]},{"@type":"WebSite","@id":"https:\/\/qware-banking.com\/#website","url":"https:\/\/qware-banking.com\/","name":"QWare Banking","description":"Your core banking solution in the cloud","potentialAction":[{"@type":"SearchAction","target":{"@type":"EntryPoint","urlTemplate":"https:\/\/qware-banking.com\/?s={search_term_string}"},"query-input":"required name=search_term_string"}],"inLanguage":"fr-FR"}]}},"_links":{"self":[{"href":"https:\/\/qware-banking.com\/fr\/wp-json\/wp\/v2\/pages\/2570"}],"collection":[{"href":"https:\/\/qware-banking.com\/fr\/wp-json\/wp\/v2\/pages"}],"about":[{"href":"https:\/\/qware-banking.com\/fr\/wp-json\/wp\/v2\/types\/page"}],"author":[{"embeddable":true,"href":"https:\/\/qware-banking.com\/fr\/wp-json\/wp\/v2\/users\/2"}],"replies":[{"embeddable":true,"href":"https:\/\/qware-banking.com\/fr\/wp-json\/wp\/v2\/comments?post=2570"}],"version-history":[{"count":11,"href":"https:\/\/qware-banking.com\/fr\/wp-json\/wp\/v2\/pages\/2570\/revisions"}],"predecessor-version":[{"id":2777,"href":"https:\/\/qware-banking.com\/fr\/wp-json\/wp\/v2\/pages\/2570\/revisions\/2777"}],"wp:attachment":[{"href":"https:\/\/qware-banking.com\/fr\/wp-json\/wp\/v2\/media?parent=2570"}],"curies":[{"name":"wp","href":"https:\/\/api.w.org\/{rel}","templated":true}]}}