{"id":2650,"date":"2020-09-11T09:39:51","date_gmt":"2020-09-11T09:39:51","guid":{"rendered":"https:\/\/qware-banking.com\/?page_id=2650"},"modified":"2020-09-16T11:54:41","modified_gmt":"2020-09-16T11:54:41","slug":"monitoring","status":"publish","type":"page","link":"https:\/\/qware-banking.com\/fr\/monitoring\/","title":{"rendered":"Connaissance du client"},"content":{"rendered":"<div id=\"fws_69ea364706580\" class=\"vc_row wpb_row vc_row-fluid  animate_onoffset row-dynamic-el standard_section\" style=\"\" ><div  style=\"position: absolute;top: 0;\"><\/div><div class=\"container  dark\"><div class=\"section_clear\">\n\t<div class=\"vc_col-sm-10 wpb_column column_container\" style=\"\" data-animation=\"none\" data-delay=\"\">\n\t\t\t<div class=\"wpb_wrapper\">\n\t\t\t\t\n\t<div class=\"wpb_text_column wpb_content_element\">\n\t\t<div class=\"wpb_wrapper\" >\n\t\t\t<p>Pour r\u00e9ussir, les institutions financi\u00e8res doivent comprendre leurs clients et leurs pratiques financi\u00e8res. Un \u00e9l\u00e9ment principal de <strong><span style=\"color: #000000;\">connaissance du client<\/span><\/strong> QWare propose un module de monitoring actualis\u00e9<\/p>\n<p>Le module de surveillance aide une organisation \u00e0 suivre ses clients, permettant aux agents de cr\u00e9dit de planifier et d'enregistrer des donn\u00e9es de mani\u00e8re continue.<\/p>\n<div>Le monitoring offre la possibilit\u00e9 de :<\/div>\n<ul>\n<li>Planifier le monitoring du client<\/li>\n<li>Choisissez entre trois cat\u00e9gories de monitoring par d\u00e9faut (surveillance financi\u00e8re, surveillance des garanties, performance) ou cr\u00e9ez des cat\u00e9gories  suppl\u00e9mentaires, adapt\u00e9es aux besoins sp\u00e9cifiques de l'organisation.<\/li>\n<li>Suivi avec un enregistrement des r\u00e9sultats<\/li>\n<\/ul>\n\n\t\t<\/div> \n\t<\/div> \n\t\t\t<\/div> \n\t<\/div> \n\n\t<div class=\"vc_col-sm-2 wpb_column column_container\" style=\"\" data-animation=\"none\" data-delay=\"\">\n\t\t\t<div class=\"wpb_wrapper\">\n\t\t\t\t\n\t\t\t<\/div> \n\t<\/div> \n<\/div><\/div><\/div><div id=\"fws_69ea3647072ba\" class=\"vc_row wpb_row vc_row-fluid  animate_onoffset row-dynamic-el standard_section\" style=\"\" ><div  style=\"position: absolute;top: 0;\"><\/div><div class=\"container  dark\"><div class=\"section_clear\">\n\t<div class=\"vc_col-sm-2 wpb_column column_container\" style=\"\" data-animation=\"none\" data-delay=\"\">\n\t\t\t<div class=\"wpb_wrapper\">\n\t\t\t\t\n\t\t\t<\/div> \n\t<\/div> \n\n\t<div class=\"vc_col-sm-8 wpb_column column_container\" style=\"\" data-animation=\"none\" data-delay=\"\">\n\t\t\t<div class=\"wpb_wrapper\">\n\t\t\t\t<div class=\"wpb_content_element media_align_left media media_el animate_onoffset\"><div class=\"media_wrapper\" ><img src=\"\/wp-content\/uploads\/2020\/09\/Monitoring.png\" alt=\"Alt Text\" class=\"type_image animated fadeInnone alignment_left\" \/><\/div><\/div>\n\t\t\t<\/div> \n\t<\/div> \n\n\t<div class=\"vc_col-sm-2 wpb_column column_container\" style=\"\" data-animation=\"none\" data-delay=\"\">\n\t\t\t<div class=\"wpb_wrapper\">\n\t\t\t\t\n\t\t\t<\/div> \n\t<\/div> \n<\/div><\/div><\/div><div id=\"fws_69ea364708751\" class=\"vc_row wpb_row vc_row-fluid  animate_onoffset row-dynamic-el standard_section\" style=\"\" ><div  style=\"position: absolute;top: 0;\"><\/div><div class=\"container  dark\"><div class=\"section_clear\">\n\t<div class=\"vc_col-sm-10 wpb_column column_container\" style=\"\" data-animation=\"none\" data-delay=\"\">\n\t\t\t<div class=\"wpb_wrapper\">\n\t\t\t\t\n\t<div class=\"wpb_text_column wpb_content_element\">\n\t\t<div class=\"wpb_wrapper\" >\n\t\t\t<div id=\"contenthost\" data-win-options=\"{home: '\/pages\/home\/home.html'}\" data-win-control=\"Application.PageControlNavigator\">\n<div class=\"win-disposable pagecontrol\">\n<div id=\"themeRoot\" class=\"default-theme\">\n<div id=\"mainContainer\" class=\"grid3x4\">\n<div id=\"editor\" class=\"editor-container\" data-win-control=\"UX.Control.Editor\">\n<div class=\"default-theme\" aria-label=\"themeRoot\">\n<div class=\"editor\" contenteditable=\"true\" spellcheck=\"true\">\n<div>La surveillance est un excellent moyen d'am\u00e9liorer les performances et l'efficacit\u00e9 des agents, en les aidant \u00e0 mieux conna\u00eetre leurs clients, en identifiant et en r\u00e9pondant \u00e0 leurs besoins pour \u00e9valuer de premi\u00e8re main les possibilit\u00e9s et les risques.<\/div>\n<\/div>\n<\/div>\n<\/div>\n<\/div>\n<\/div>\n<\/div>\n<\/div>\n\n\t\t<\/div> \n\t<\/div> \n\t\t\t<\/div> \n\t<\/div> \n\n\t<div class=\"vc_col-sm-2 wpb_column column_container\" style=\"\" data-animation=\"none\" data-delay=\"\">\n\t\t\t<div class=\"wpb_wrapper\">\n\t\t\t\t\n\t\t\t<\/div> \n\t<\/div> \n<\/div><\/div><\/div><div id=\"fws_69ea364708a8c\" class=\"vc_row wpb_row vc_row-fluid  animate_onoffset row-dynamic-el standard_section\" style=\"\" ><div  style=\"position: absolute;top: 0;\"><\/div><div class=\"container  dark\"><div class=\"section_clear\">\n\t<div class=\"vc_col-sm-6 wpb_column column_container\" style=\"\" data-animation=\"none\" data-delay=\"\">\n\t\t\t<div class=\"wpb_wrapper\">\n\t\t\t\t\n\t<div class=\"wpb_text_column wpb_content_element\">\n\t\t<div class=\"wpb_wrapper\" >\n\t\t\t<p>Nous serons heureux de vous pr\u00e9senter une version de d\u00e9monstration.\nLaissez vos coordonn\u00e9es sur le formulaire et nous vous contacterons rapidement.<\/p>\n\n\t\t<\/div> \n\t<\/div> \n\t\t\t<\/div> \n\t<\/div> \n\n\t<div class=\"vc_col-sm-6 wpb_column column_container\" style=\"\" data-animation=\"none\" data-delay=\"\">\n\t\t\t<div class=\"wpb_wrapper\">\n\t\t\t\t<div class=\"wpb_content_element button\"><a  target=\"_blank\"  class=\"btn-bt align-left default\" href=\"https:\/\/qware-banking.com\/index.php\/request-a-demo\/\"><span>Demandez une d\u00e9monstration<\/span><i class=\"steadysets-icon-laptop\"><\/i><\/a><\/div>\n\t\t\t<\/div> \n\t<\/div> \n<\/div><\/div><\/div>","protected":false},"excerpt":{"rendered":"In order to be successful, financial institutions need to understand their customers and their financial practices. As a main element of Know your customer procedures, QWare now features a refreshed Monitoring module. The Monitoring module helps an organization keep track of their customers, allowing loan officers to schedule and record data on an ongoing basis,\u00a0following [...]","protected":false},"author":2,"featured_media":0,"parent":0,"menu_order":0,"comment_status":"closed","ping_status":"closed","template":"","meta":{"_mi_skip_tracking":false,"_monsterinsights_sitenote_active":false,"_monsterinsights_sitenote_note":"","_monsterinsights_sitenote_category":0},"yoast_head":"<!-- This site is optimized with the Yoast SEO plugin v20.9 - https:\/\/yoast.com\/wordpress\/plugins\/seo\/ -->\r\n<title>Monitoring - QWare Banking<\/title>\r\n<meta name=\"robots\" content=\"index, follow, max-snippet:-1, max-image-preview:large, max-video-preview:-1\" \/>\r\n<link rel=\"canonical\" href=\"https:\/\/qware-banking.com\/fr\/monitoring\/\" \/>\r\n<meta property=\"og:locale\" content=\"fr_FR\" \/>\r\n<meta property=\"og:type\" content=\"article\" \/>\r\n<meta property=\"og:title\" content=\"Monitoring - QWare Banking\" \/>\r\n<meta property=\"og:url\" content=\"https:\/\/qware-banking.com\/fr\/monitoring\/\" \/>\r\n<meta property=\"og:site_name\" content=\"QWare Banking\" \/>\r\n<meta property=\"article:modified_time\" content=\"2020-09-16T11:54:41+00:00\" \/>\r\n<meta name=\"twitter:card\" content=\"summary_large_image\" \/>\r\n<meta name=\"twitter:label1\" content=\"Dur\u00e9e de lecture estim\u00e9e\" \/>\n\t<meta name=\"twitter:data1\" content=\"1 minute\" \/>\r\n<script type=\"application\/ld+json\" class=\"yoast-schema-graph\">{\"@context\":\"https:\/\/schema.org\",\"@graph\":[{\"@type\":\"WebPage\",\"@id\":\"https:\/\/qware-banking.com\/monitoring\/\",\"url\":\"https:\/\/qware-banking.com\/monitoring\/\",\"name\":\"Monitoring - QWare Banking\",\"isPartOf\":{\"@id\":\"https:\/\/qware-banking.com\/#website\"},\"datePublished\":\"2020-09-11T09:39:51+00:00\",\"dateModified\":\"2020-09-16T11:54:41+00:00\",\"breadcrumb\":{\"@id\":\"https:\/\/qware-banking.com\/monitoring\/#breadcrumb\"},\"inLanguage\":\"fr-FR\",\"potentialAction\":[{\"@type\":\"ReadAction\",\"target\":[\"https:\/\/qware-banking.com\/monitoring\/\"]}]},{\"@type\":\"BreadcrumbList\",\"@id\":\"https:\/\/qware-banking.com\/monitoring\/#breadcrumb\",\"itemListElement\":[{\"@type\":\"ListItem\",\"position\":1,\"name\":\"Home\",\"item\":\"https:\/\/qware-banking.com\/\"},{\"@type\":\"ListItem\",\"position\":2,\"name\":\"Monitoring\"}]},{\"@type\":\"WebSite\",\"@id\":\"https:\/\/qware-banking.com\/#website\",\"url\":\"https:\/\/qware-banking.com\/\",\"name\":\"QWare Banking\",\"description\":\"Your core banking solution in the cloud\",\"potentialAction\":[{\"@type\":\"SearchAction\",\"target\":{\"@type\":\"EntryPoint\",\"urlTemplate\":\"https:\/\/qware-banking.com\/?s={search_term_string}\"},\"query-input\":\"required name=search_term_string\"}],\"inLanguage\":\"fr-FR\"}]}<\/script>\r\n<!-- \/ Yoast SEO plugin. -->","yoast_head_json":{"title":"Monitoring - QWare Banking","robots":{"index":"index","follow":"follow","max-snippet":"max-snippet:-1","max-image-preview":"max-image-preview:large","max-video-preview":"max-video-preview:-1"},"canonical":"https:\/\/qware-banking.com\/fr\/monitoring\/","og_locale":"fr_FR","og_type":"article","og_title":"Monitoring - QWare Banking","og_url":"https:\/\/qware-banking.com\/fr\/monitoring\/","og_site_name":"QWare Banking","article_modified_time":"2020-09-16T11:54:41+00:00","twitter_card":"summary_large_image","twitter_misc":{"Dur\u00e9e de lecture estim\u00e9e":"1 minute"},"schema":{"@context":"https:\/\/schema.org","@graph":[{"@type":"WebPage","@id":"https:\/\/qware-banking.com\/monitoring\/","url":"https:\/\/qware-banking.com\/monitoring\/","name":"Monitoring - QWare Banking","isPartOf":{"@id":"https:\/\/qware-banking.com\/#website"},"datePublished":"2020-09-11T09:39:51+00:00","dateModified":"2020-09-16T11:54:41+00:00","breadcrumb":{"@id":"https:\/\/qware-banking.com\/monitoring\/#breadcrumb"},"inLanguage":"fr-FR","potentialAction":[{"@type":"ReadAction","target":["https:\/\/qware-banking.com\/monitoring\/"]}]},{"@type":"BreadcrumbList","@id":"https:\/\/qware-banking.com\/monitoring\/#breadcrumb","itemListElement":[{"@type":"ListItem","position":1,"name":"Home","item":"https:\/\/qware-banking.com\/"},{"@type":"ListItem","position":2,"name":"Monitoring"}]},{"@type":"WebSite","@id":"https:\/\/qware-banking.com\/#website","url":"https:\/\/qware-banking.com\/","name":"QWare Banking","description":"Your core banking solution in the cloud","potentialAction":[{"@type":"SearchAction","target":{"@type":"EntryPoint","urlTemplate":"https:\/\/qware-banking.com\/?s={search_term_string}"},"query-input":"required name=search_term_string"}],"inLanguage":"fr-FR"}]}},"_links":{"self":[{"href":"https:\/\/qware-banking.com\/fr\/wp-json\/wp\/v2\/pages\/2650"}],"collection":[{"href":"https:\/\/qware-banking.com\/fr\/wp-json\/wp\/v2\/pages"}],"about":[{"href":"https:\/\/qware-banking.com\/fr\/wp-json\/wp\/v2\/types\/page"}],"author":[{"embeddable":true,"href":"https:\/\/qware-banking.com\/fr\/wp-json\/wp\/v2\/users\/2"}],"replies":[{"embeddable":true,"href":"https:\/\/qware-banking.com\/fr\/wp-json\/wp\/v2\/comments?post=2650"}],"version-history":[{"count":26,"href":"https:\/\/qware-banking.com\/fr\/wp-json\/wp\/v2\/pages\/2650\/revisions"}],"predecessor-version":[{"id":2701,"href":"https:\/\/qware-banking.com\/fr\/wp-json\/wp\/v2\/pages\/2650\/revisions\/2701"}],"wp:attachment":[{"href":"https:\/\/qware-banking.com\/fr\/wp-json\/wp\/v2\/media?parent=2650"}],"curies":[{"name":"wp","href":"https:\/\/api.w.org\/{rel}","templated":true}]}}