{"id":2756,"date":"2020-10-07T08:55:22","date_gmt":"2020-10-07T08:55:22","guid":{"rendered":"https:\/\/qware-banking.com\/?page_id=2756"},"modified":"2020-10-07T12:00:00","modified_gmt":"2020-10-07T12:00:00","slug":"casa","status":"publish","type":"page","link":"https:\/\/qware-banking.com\/fr\/casa\/","title":{"rendered":"CASA"},"content":{"rendered":"<div id=\"fws_69ea38acce4f7\" class=\"vc_row wpb_row vc_row-fluid  animate_onoffset row-dynamic-el standard_section\" style=\"\" ><div  style=\"position: absolute;top: 0;\"><\/div><div class=\"container  dark\"><div class=\"section_clear\">\n\t<div class=\"vc_col-sm-10 wpb_column column_container\" style=\"\" data-animation=\"none\" data-delay=\"\">\n\t\t\t<div class=\"wpb_wrapper\">\n\t\t\t\t\n\t<div class=\"wpb_text_column wpb_content_element\">\n\t\t<div class=\"wpb_wrapper\" >\n\t\t\t<p>La fonctionnalit\u00e9 des comptes courants comprend l'ouverture et la gestion des comptes courants, virements, d\u00e9caissements de pr\u00eats sur comptes courants, remboursements sur comptes courants, et ch\u00e8ques.<\/p>\n<p>Le syst\u00e8me prend en charge les fonctionnalit\u00e9s standard d'\u00e9pargne et de d\u00e9p\u00f4t, y compris l\u2019ouverture et gestion de comptes d'\u00e9pargne, retraits et d\u00e9p\u00f4ts d'esp\u00e8ces, \u00e9pargne comme garantie en esp\u00e8ces.<\/p>\n\n\t\t<\/div> \n\t<\/div> \n\t\t\t<\/div> \n\t<\/div> \n\n\t<div class=\"vc_col-sm-2 wpb_column column_container\" style=\"\" data-animation=\"none\" data-delay=\"\">\n\t\t\t<div class=\"wpb_wrapper\">\n\t\t\t\t\n\t\t\t<\/div> \n\t<\/div> \n<\/div><\/div><\/div>","protected":false},"excerpt":{"rendered":"The current accounts functionality includes opening and managing of current accounts, transfers, loans disbursement to current accounts, repayments from current accounts, and cheques. The system supports standard savings and deposit functionalities including the opening and managing of savings accounts, cash withdrawals and deposits, savings as cash collateral.","protected":false},"author":2,"featured_media":0,"parent":0,"menu_order":0,"comment_status":"closed","ping_status":"closed","template":"","meta":{"_mi_skip_tracking":false,"_monsterinsights_sitenote_active":false,"_monsterinsights_sitenote_note":"","_monsterinsights_sitenote_category":0},"yoast_head":"<!-- This site is optimized with the Yoast SEO plugin v20.9 - https:\/\/yoast.com\/wordpress\/plugins\/seo\/ -->\r\n<title>CASA - QWare Banking<\/title>\r\n<meta name=\"robots\" content=\"index, follow, max-snippet:-1, max-image-preview:large, max-video-preview:-1\" \/>\r\n<link rel=\"canonical\" href=\"https:\/\/qware-banking.com\/fr\/casa\/\" \/>\r\n<meta property=\"og:locale\" content=\"fr_FR\" \/>\r\n<meta property=\"og:type\" content=\"article\" \/>\r\n<meta property=\"og:title\" content=\"CASA - QWare Banking\" \/>\r\n<meta property=\"og:url\" content=\"https:\/\/qware-banking.com\/fr\/casa\/\" \/>\r\n<meta property=\"og:site_name\" content=\"QWare Banking\" \/>\r\n<meta property=\"article:modified_time\" content=\"2020-10-07T12:00:00+00:00\" \/>\r\n<meta name=\"twitter:card\" content=\"summary_large_image\" \/>\r\n<script type=\"application\/ld+json\" class=\"yoast-schema-graph\">{\"@context\":\"https:\/\/schema.org\",\"@graph\":[{\"@type\":\"WebPage\",\"@id\":\"https:\/\/qware-banking.com\/casa\/\",\"url\":\"https:\/\/qware-banking.com\/casa\/\",\"name\":\"CASA - QWare Banking\",\"isPartOf\":{\"@id\":\"https:\/\/qware-banking.com\/#website\"},\"datePublished\":\"2020-10-07T08:55:22+00:00\",\"dateModified\":\"2020-10-07T12:00:00+00:00\",\"breadcrumb\":{\"@id\":\"https:\/\/qware-banking.com\/casa\/#breadcrumb\"},\"inLanguage\":\"fr-FR\",\"potentialAction\":[{\"@type\":\"ReadAction\",\"target\":[\"https:\/\/qware-banking.com\/casa\/\"]}]},{\"@type\":\"BreadcrumbList\",\"@id\":\"https:\/\/qware-banking.com\/casa\/#breadcrumb\",\"itemListElement\":[{\"@type\":\"ListItem\",\"position\":1,\"name\":\"Home\",\"item\":\"https:\/\/qware-banking.com\/\"},{\"@type\":\"ListItem\",\"position\":2,\"name\":\"CASA\"}]},{\"@type\":\"WebSite\",\"@id\":\"https:\/\/qware-banking.com\/#website\",\"url\":\"https:\/\/qware-banking.com\/\",\"name\":\"QWare Banking\",\"description\":\"Your core banking solution in the cloud\",\"potentialAction\":[{\"@type\":\"SearchAction\",\"target\":{\"@type\":\"EntryPoint\",\"urlTemplate\":\"https:\/\/qware-banking.com\/?s={search_term_string}\"},\"query-input\":\"required name=search_term_string\"}],\"inLanguage\":\"fr-FR\"}]}<\/script>\r\n<!-- \/ Yoast SEO plugin. -->","yoast_head_json":{"title":"CASA - QWare Banking","robots":{"index":"index","follow":"follow","max-snippet":"max-snippet:-1","max-image-preview":"max-image-preview:large","max-video-preview":"max-video-preview:-1"},"canonical":"https:\/\/qware-banking.com\/fr\/casa\/","og_locale":"fr_FR","og_type":"article","og_title":"CASA - QWare Banking","og_url":"https:\/\/qware-banking.com\/fr\/casa\/","og_site_name":"QWare Banking","article_modified_time":"2020-10-07T12:00:00+00:00","twitter_card":"summary_large_image","schema":{"@context":"https:\/\/schema.org","@graph":[{"@type":"WebPage","@id":"https:\/\/qware-banking.com\/casa\/","url":"https:\/\/qware-banking.com\/casa\/","name":"CASA - QWare Banking","isPartOf":{"@id":"https:\/\/qware-banking.com\/#website"},"datePublished":"2020-10-07T08:55:22+00:00","dateModified":"2020-10-07T12:00:00+00:00","breadcrumb":{"@id":"https:\/\/qware-banking.com\/casa\/#breadcrumb"},"inLanguage":"fr-FR","potentialAction":[{"@type":"ReadAction","target":["https:\/\/qware-banking.com\/casa\/"]}]},{"@type":"BreadcrumbList","@id":"https:\/\/qware-banking.com\/casa\/#breadcrumb","itemListElement":[{"@type":"ListItem","position":1,"name":"Home","item":"https:\/\/qware-banking.com\/"},{"@type":"ListItem","position":2,"name":"CASA"}]},{"@type":"WebSite","@id":"https:\/\/qware-banking.com\/#website","url":"https:\/\/qware-banking.com\/","name":"QWare Banking","description":"Your core banking solution in the cloud","potentialAction":[{"@type":"SearchAction","target":{"@type":"EntryPoint","urlTemplate":"https:\/\/qware-banking.com\/?s={search_term_string}"},"query-input":"required name=search_term_string"}],"inLanguage":"fr-FR"}]}},"_links":{"self":[{"href":"https:\/\/qware-banking.com\/fr\/wp-json\/wp\/v2\/pages\/2756"}],"collection":[{"href":"https:\/\/qware-banking.com\/fr\/wp-json\/wp\/v2\/pages"}],"about":[{"href":"https:\/\/qware-banking.com\/fr\/wp-json\/wp\/v2\/types\/page"}],"author":[{"embeddable":true,"href":"https:\/\/qware-banking.com\/fr\/wp-json\/wp\/v2\/users\/2"}],"replies":[{"embeddable":true,"href":"https:\/\/qware-banking.com\/fr\/wp-json\/wp\/v2\/comments?post=2756"}],"version-history":[{"count":3,"href":"https:\/\/qware-banking.com\/fr\/wp-json\/wp\/v2\/pages\/2756\/revisions"}],"predecessor-version":[{"id":2778,"href":"https:\/\/qware-banking.com\/fr\/wp-json\/wp\/v2\/pages\/2756\/revisions\/2778"}],"wp:attachment":[{"href":"https:\/\/qware-banking.com\/fr\/wp-json\/wp\/v2\/media?parent=2756"}],"curies":[{"name":"wp","href":"https:\/\/api.w.org\/{rel}","templated":true}]}}