{"id":2971,"date":"2021-02-08T14:06:20","date_gmt":"2021-02-08T14:06:20","guid":{"rendered":"https:\/\/qware-banking.com\/?page_id=2971"},"modified":"2021-11-10T13:47:40","modified_gmt":"2021-11-10T13:47:40","slug":"field-application","status":"publish","type":"page","link":"https:\/\/qware-banking.com\/fr\/field-application\/","title":{"rendered":"Application sur le terrain"},"content":{"rendered":"<div id=\"fws_69ee4f414c021\" class=\"vc_row wpb_row vc_row-fluid  animate_onoffset row-dynamic-el standard_section\" style=\"\" ><div  style=\"position: absolute;top: 0;\"><\/div><div class=\"container  dark\"><div class=\"section_clear\">\n\t<div class=\"vc_col-sm-12 wpb_column column_container\" style=\"\" data-animation=\"none\" data-delay=\"\">\n\t\t\t<div class=\"wpb_wrapper\">\n\t\t\t\t\n\t<div class=\"wpb_text_column wpb_content_element\">\n\t\t<div class=\"wpb_wrapper\" >\n\t\t\t<p>Dans un \u00e9cosyst\u00e8me de services financiers num\u00e9riques, une application de terrain est un canal pratique qui \u00e9tend la port\u00e9e de l'institution financi\u00e8re \u00e0 autant de clients que possible en dehors de l'agence. L'application de terrain peut \u00eatre utilis\u00e9e par des employ\u00e9s ou des agents tiers autoris\u00e9s pour le compte de l'institution financi\u00e8re afin d'accueillir et de suivre les clients pour les pr\u00eats et les produits de d\u00e9tail.<\/p>\n\n\t\t<\/div> \n\t<\/div> \n\t\t\t<\/div> \n\t<\/div> \n<\/div><\/div><\/div><div id=\"fws_69ee4f414ccb2\" class=\"vc_row wpb_row vc_row-fluid  animate_onoffset row-dynamic-el standard_section\" style=\"\" ><div  style=\"position: absolute;top: 0;\"><\/div><div class=\"container  dark\"><div class=\"section_clear\">\n\t<div class=\"vc_col-sm-6 wpb_column column_container\" style=\"\" data-animation=\"none\" data-delay=\"\">\n\t\t\t<div class=\"wpb_wrapper\">\n\t\t\t\t<div class=\"wpb_content_element media_align_left media media_el animate_onoffset\"><div class=\"media_wrapper\" ><img src=\"\/wp-content\/uploads\/2021\/03\/field-app-1.png\" alt=\"Alt Text\" class=\"type_image animated fadeInnone alignment_left\" \/><\/div><\/div>\n\t\t\t<\/div> \n\t<\/div> \n\n\t<div class=\"vc_col-sm-6 wpb_column column_container\" style=\"\" data-animation=\"none\" data-delay=\"\">\n\t\t\t<div class=\"wpb_wrapper\">\n\t\t\t\t\n\t<div class=\"wpb_text_column wpb_content_element\">\n\t\t<div class=\"wpb_wrapper\" >\n\t\t\t<p>Atteindre les clients \u00e0 distance n'est pas seulement un moteur de croissance pour vous, mais aussi un moyen de r\u00e9duire votre risque en g\u00e9rant efficacement votre portefeuille de pr\u00eats par le biais d'agents sur le terrain et en utilisant nos fonctions de suivi. En m\u00eame temps, vous contribuerez \u00e0 l'inclusion financi\u00e8re et \u00e0 l'\u00e9ducation bancaire de ceux qui ne sont pas encore en mesure de se rendre dans une agence ou d'utiliser une application en ligne par eux-m\u00eames.<\/p>\n\n\t\t<\/div> \n\t<\/div> \n\t<div class=\"wpb_text_column wpb_content_element\">\n\t\t<div class=\"wpb_wrapper\" >\n\t\t\t<p>Il est ainsi possible d'atteindre des clients situ\u00e9s dans des endroits recul\u00e9s, notamment dans des zones rurales sans couverture Internet, qui auraient autrement des difficult\u00e9s \u00e0 se rendre dans une agence physique et \u00e0 acc\u00e9der \u00e0 une aide au cr\u00e9dit, par exemple. L'application sur le terrain est une solution fiable, simple et s\u00fbre pour fournir des services financiers aux clients \u00e0 l'endroit qui leur convient le mieux.<\/p>\n\n\t\t<\/div> \n\t<\/div> \n\t\t\t<\/div> \n\t<\/div> \n<\/div><\/div><\/div><div id=\"fws_69ee4f414e0b8\" class=\"vc_row wpb_row vc_row-fluid  animate_onoffset row-dynamic-el standard_section\" style=\"\" ><div  style=\"position: absolute;top: 0;\"><\/div><div class=\"container  dark\"><div class=\"section_clear\">\n\t<div class=\"vc_col-sm-12 wpb_column column_container\" style=\"\" data-animation=\"none\" data-delay=\"\">\n\t\t\t<div class=\"wpb_wrapper\">\n\t\t\t\t<div class=\"vc_separator wpb_content_element vc_separator_align_center vc_sep_width_100 vc_sep_dashed vc_sep_border_width_2 vc_sep_pos_align_center vc_separator_no_text vc_sep_color_grey\" ><span class=\"vc_sep_holder vc_sep_holder_l\"><span  class=\"vc_sep_line\"><\/span><\/span><span class=\"vc_sep_holder vc_sep_holder_r\"><span  class=\"vc_sep_line\"><\/span><\/span>\n<\/div>\n\t\t\t<\/div> \n\t<\/div> \n<\/div><\/div><\/div><div id=\"fws_69ee4f414e8f2\" class=\"vc_row wpb_row vc_row-fluid  animate_onoffset row-dynamic-el standard_section\" style=\"\" ><div  style=\"position: absolute;top: 0;\"><\/div><div class=\"container  dark\"><div class=\"section_clear\">\n\t<div class=\"vc_col-sm-12 wpb_column column_container\" style=\"\" data-animation=\"none\" data-delay=\"\">\n\t\t\t<div class=\"wpb_wrapper\">\n\t\t\t\t\n\t<div class=\"wpb_text_column wpb_content_element\">\n\t\t<div class=\"wpb_wrapper\" >\n\t\t\t<h3><strong>Pourquoi utiliser notre application de terrain ?<\/strong><\/h3>\n<ul>\n<li>\u2022\tAtteignez les clients dans les zones recul\u00e9es, \u00e0 tout moment et en tout lieu, en conservant et en augmentant votre part de march\u00e9, sans avoir \u00e0 \u00e9tendre votre r\u00e9seau d'agences.<\/li>\n<li>\u2022\tAcc\u00e9l\u00e9rez l'inclusion financi\u00e8re, en offrant des avantages significatifs \u00e0 ceux que vous atteignez.<\/li>\n<li>\u2022\tAm\u00e9liorer l'exp\u00e9rience du client et la r\u00e9putation de la marque en offrant une plus grande commodit\u00e9 et des op\u00e9rations plus rapides et plus s\u00fbres.<\/li>\n<li>\u2022\t\u00c9volutivit\u00e9 pour votre institution financi\u00e8re : \u00e9tendez votre champ d'action lorsque vous \u00eates pr\u00eat, lorsque vous vous d\u00e9veloppez et que vous \u00eates en mesure d'\u00e9tendre les solutions \u00e0 autant de clients que vous le souhaitez, nouveaux ou existants.<\/li>\n<li>\u2022\tFlexibilit\u00e9 et rentabilit\u00e9 : l'int\u00e9gration avec d'autres syst\u00e8mes \u00e0 l'aide d'API est possible, il n'y a plus de doubles saisies, ce qui signifie des d\u00e9penses op\u00e9rationnelles r\u00e9duites et des r\u00e9sultats plus rapides.<\/li>\n<\/ul>\n\n\t\t<\/div> \n\t<\/div> <div class=\"vc_separator wpb_content_element vc_separator_align_center vc_sep_width_100 vc_sep_dashed vc_sep_border_width_2 vc_sep_pos_align_center vc_separator_no_text vc_sep_color_grey\" ><span class=\"vc_sep_holder vc_sep_holder_l\"><span  class=\"vc_sep_line\"><\/span><\/span><span class=\"vc_sep_holder vc_sep_holder_r\"><span  class=\"vc_sep_line\"><\/span><\/span>\n<\/div>\n\t\t\t<\/div> \n\t<\/div> \n<\/div><\/div><\/div><div id=\"fws_69ee4f414ee43\" class=\"vc_row wpb_row vc_row-fluid  animate_onoffset row-dynamic-el standard_section\" style=\"\" ><div  style=\"position: absolute;top: 0;\"><\/div><div class=\"container  dark\"><div class=\"section_clear\">\n\t<div class=\"vc_col-sm-12 wpb_column column_container\" style=\"\" data-animation=\"none\" data-delay=\"\">\n\t\t\t<div class=\"wpb_wrapper\">\n\t\t\t\t\n\t<div class=\"wpb_text_column wpb_content_element\">\n\t\t<div class=\"wpb_wrapper\" >\n\t\t\t<h3><strong>Quels types d'op\u00e9rations sont pris en charge par notre application de terrain pour les agences bancaires ?<\/strong><\/h3>\n\n\t\t<\/div> \n\t<\/div> \n\t\t\t<\/div> \n\t<\/div> \n<\/div><\/div><\/div><div id=\"fws_69ee4f414f089\" class=\"vc_row wpb_row vc_row-fluid  animate_onoffset row-dynamic-el standard_section\" style=\"\" ><div  style=\"position: absolute;top: 0;\"><\/div><div class=\"container  dark\"><div class=\"section_clear\">\n\t<div class=\"vc_col-sm-10 wpb_column column_container\" style=\"\" data-animation=\"none\" data-delay=\"\">\n\t\t\t<div class=\"wpb_wrapper\">\n\t\t\t\t<div class=\"wpb_content_element media_align_left media media_el animate_onoffset\"><div class=\"media_wrapper\" ><img src=\"\/wp-content\/uploads\/2021\/03\/field-app-operations.png\" alt=\"Alt Text\" class=\"type_image animated fadeInnone alignment_left\" \/><\/div><\/div><div class=\"vc_separator wpb_content_element vc_separator_align_center vc_sep_width_100 vc_sep_dashed vc_sep_border_width_2 vc_sep_pos_align_center vc_separator_no_text vc_sep_color_grey\" ><span class=\"vc_sep_holder vc_sep_holder_l\"><span  class=\"vc_sep_line\"><\/span><\/span><span class=\"vc_sep_holder vc_sep_holder_r\"><span  class=\"vc_sep_line\"><\/span><\/span>\n<\/div>\n\t\t\t<\/div> \n\t<\/div> \n\n\t<div class=\"vc_col-sm-2 wpb_column column_container\" style=\"\" data-animation=\"none\" data-delay=\"\">\n\t\t\t<div class=\"wpb_wrapper\">\n\t\t\t\t\n\t\t\t<\/div> \n\t<\/div> \n<\/div><\/div><\/div><div id=\"fws_69ee4f4150467\" class=\"vc_row wpb_row vc_row-fluid  animate_onoffset row-dynamic-el standard_section\" style=\"\" ><div  style=\"position: absolute;top: 0;\"><\/div><div class=\"container  dark\"><div class=\"section_clear\">\n\t<div class=\"vc_col-sm-12 wpb_column column_container\" style=\"\" data-animation=\"none\" data-delay=\"\">\n\t\t\t<div class=\"wpb_wrapper\">\n\t\t\t\t\n\t<div class=\"wpb_text_column wpb_content_element\">\n\t\t<div class=\"wpb_wrapper\" >\n\t\t\t<h3><strong>Les avantages de notre application sur le terrain<\/strong><\/h3>\n<ul>\n<li>\u2022\tElle fonctionne parfaitement sur Android, ce qui en fait une application s\u00fbre et facile \u00e0 utiliser sur un smartphone ou une tablette.<\/li>\n<li>\u2022\tElle prend en charge le mode hors ligne, permettant la synchronisation des donn\u00e9es d\u00e8s qu'une connexion internet est disponible. Cela permettra d'atteindre les clients dans les zones recul\u00e9es, o\u00f9 il n'y a pas de couverture internet.<\/li>\n<li>\u2022\tElle peut \u00eatre int\u00e9gr\u00e9e \u00e0 tout syst\u00e8me bancaire central.<\/li>\n<li>\u2022\tElle offre la possibilit\u00e9 de collecter diverses donn\u00e9es qui peuvent \u00eatre utilis\u00e9es pour personnaliser et prendre la d\u00e9cision de pr\u00eat, conform\u00e9ment aux exigences l\u00e9gales et aux besoins de l'institution financi\u00e8re.<\/li>\n<\/ul>\n\n\t\t<\/div> \n\t<\/div> \n\t\t\t<\/div> \n\t<\/div> \n<\/div><\/div><\/div><div id=\"fws_69ee4f41506d2\" class=\"vc_row wpb_row vc_row-fluid  animate_onoffset row-dynamic-el standard_section\" style=\"\" ><div  style=\"position: absolute;top: 0;\"><\/div><div class=\"container  dark\"><div class=\"section_clear\">\n\t<div class=\"vc_col-sm-12 wpb_column column_container\" style=\"\" data-animation=\"none\" data-delay=\"\">\n\t\t\t<div class=\"wpb_wrapper\">\n\t\t\t\t\n\t<div class=\"wpb_text_column wpb_content_element\">\n\t\t<div class=\"wpb_wrapper\" >\n\t\t\t<p>Si vous souhaitez en savoir plus, nous nous ferons un plaisir de vous pr\u00e9senter une version de d\u00e9monstration. Laissez vos coordonn\u00e9es et nous vous contacterons sous peu.<\/p>\n\n\t\t<\/div> \n\t<\/div> <div class=\"wpb_content_element button\"><a  target=\"_blank\"  class=\"btn-bt align-left default\" href=\"https:\/\/qware-banking.com\/index.php\/request-a-demo\/\"><span>Demandez une d\u00e9monstration<\/span><i class=\"steadysets-icon-laptop\"><\/i><\/a><\/div>\n\t\t\t<\/div> \n\t<\/div> \n<\/div><\/div><\/div>","protected":false},"excerpt":{"rendered":"In a digital financial services ecosystem, a field application is a convenient channel which extends the financial institution\u2019s outreach to as many clients as possible, outside the branches. The field application can be used by employees or authorized third-party agents on behalf of the financial institution for customer onboarding and customer care for loan and [...]","protected":false},"author":2,"featured_media":0,"parent":0,"menu_order":0,"comment_status":"closed","ping_status":"closed","template":"","meta":{"_mi_skip_tracking":false,"_monsterinsights_sitenote_active":false,"_monsterinsights_sitenote_note":"","_monsterinsights_sitenote_category":0},"yoast_head":"<!-- This site is optimized with the Yoast SEO plugin v20.9 - https:\/\/yoast.com\/wordpress\/plugins\/seo\/ -->\r\n<title>Field Application - QWare Banking<\/title>\r\n<meta name=\"robots\" content=\"index, follow, max-snippet:-1, max-image-preview:large, max-video-preview:-1\" \/>\r\n<link rel=\"canonical\" href=\"https:\/\/qware-banking.com\/fr\/field-application\/\" \/>\r\n<meta property=\"og:locale\" content=\"fr_FR\" \/>\r\n<meta property=\"og:type\" content=\"article\" \/>\r\n<meta property=\"og:title\" content=\"Field Application - QWare Banking\" \/>\r\n<meta property=\"og:url\" content=\"https:\/\/qware-banking.com\/fr\/field-application\/\" \/>\r\n<meta property=\"og:site_name\" content=\"QWare Banking\" \/>\r\n<meta property=\"article:modified_time\" content=\"2021-11-10T13:47:40+00:00\" \/>\r\n<meta name=\"twitter:card\" content=\"summary_large_image\" \/>\r\n<meta name=\"twitter:label1\" content=\"Dur\u00e9e de lecture estim\u00e9e\" \/>\n\t<meta name=\"twitter:data1\" content=\"3 minutes\" \/>\r\n<script type=\"application\/ld+json\" class=\"yoast-schema-graph\">{\"@context\":\"https:\/\/schema.org\",\"@graph\":[{\"@type\":\"WebPage\",\"@id\":\"https:\/\/qware-banking.com\/field-application\/\",\"url\":\"https:\/\/qware-banking.com\/field-application\/\",\"name\":\"Field Application - QWare Banking\",\"isPartOf\":{\"@id\":\"https:\/\/qware-banking.com\/#website\"},\"datePublished\":\"2021-02-08T14:06:20+00:00\",\"dateModified\":\"2021-11-10T13:47:40+00:00\",\"breadcrumb\":{\"@id\":\"https:\/\/qware-banking.com\/field-application\/#breadcrumb\"},\"inLanguage\":\"fr-FR\",\"potentialAction\":[{\"@type\":\"ReadAction\",\"target\":[\"https:\/\/qware-banking.com\/field-application\/\"]}]},{\"@type\":\"BreadcrumbList\",\"@id\":\"https:\/\/qware-banking.com\/field-application\/#breadcrumb\",\"itemListElement\":[{\"@type\":\"ListItem\",\"position\":1,\"name\":\"Home\",\"item\":\"https:\/\/qware-banking.com\/\"},{\"@type\":\"ListItem\",\"position\":2,\"name\":\"Field Application\"}]},{\"@type\":\"WebSite\",\"@id\":\"https:\/\/qware-banking.com\/#website\",\"url\":\"https:\/\/qware-banking.com\/\",\"name\":\"QWare Banking\",\"description\":\"Your core banking solution in the cloud\",\"potentialAction\":[{\"@type\":\"SearchAction\",\"target\":{\"@type\":\"EntryPoint\",\"urlTemplate\":\"https:\/\/qware-banking.com\/?s={search_term_string}\"},\"query-input\":\"required name=search_term_string\"}],\"inLanguage\":\"fr-FR\"}]}<\/script>\r\n<!-- \/ Yoast SEO plugin. -->","yoast_head_json":{"title":"Field Application - QWare Banking","robots":{"index":"index","follow":"follow","max-snippet":"max-snippet:-1","max-image-preview":"max-image-preview:large","max-video-preview":"max-video-preview:-1"},"canonical":"https:\/\/qware-banking.com\/fr\/field-application\/","og_locale":"fr_FR","og_type":"article","og_title":"Field Application - QWare Banking","og_url":"https:\/\/qware-banking.com\/fr\/field-application\/","og_site_name":"QWare Banking","article_modified_time":"2021-11-10T13:47:40+00:00","twitter_card":"summary_large_image","twitter_misc":{"Dur\u00e9e de lecture estim\u00e9e":"3 minutes"},"schema":{"@context":"https:\/\/schema.org","@graph":[{"@type":"WebPage","@id":"https:\/\/qware-banking.com\/field-application\/","url":"https:\/\/qware-banking.com\/field-application\/","name":"Field Application - QWare Banking","isPartOf":{"@id":"https:\/\/qware-banking.com\/#website"},"datePublished":"2021-02-08T14:06:20+00:00","dateModified":"2021-11-10T13:47:40+00:00","breadcrumb":{"@id":"https:\/\/qware-banking.com\/field-application\/#breadcrumb"},"inLanguage":"fr-FR","potentialAction":[{"@type":"ReadAction","target":["https:\/\/qware-banking.com\/field-application\/"]}]},{"@type":"BreadcrumbList","@id":"https:\/\/qware-banking.com\/field-application\/#breadcrumb","itemListElement":[{"@type":"ListItem","position":1,"name":"Home","item":"https:\/\/qware-banking.com\/"},{"@type":"ListItem","position":2,"name":"Field Application"}]},{"@type":"WebSite","@id":"https:\/\/qware-banking.com\/#website","url":"https:\/\/qware-banking.com\/","name":"QWare Banking","description":"Your core banking solution in the cloud","potentialAction":[{"@type":"SearchAction","target":{"@type":"EntryPoint","urlTemplate":"https:\/\/qware-banking.com\/?s={search_term_string}"},"query-input":"required name=search_term_string"}],"inLanguage":"fr-FR"}]}},"_links":{"self":[{"href":"https:\/\/qware-banking.com\/fr\/wp-json\/wp\/v2\/pages\/2971"}],"collection":[{"href":"https:\/\/qware-banking.com\/fr\/wp-json\/wp\/v2\/pages"}],"about":[{"href":"https:\/\/qware-banking.com\/fr\/wp-json\/wp\/v2\/types\/page"}],"author":[{"embeddable":true,"href":"https:\/\/qware-banking.com\/fr\/wp-json\/wp\/v2\/users\/2"}],"replies":[{"embeddable":true,"href":"https:\/\/qware-banking.com\/fr\/wp-json\/wp\/v2\/comments?post=2971"}],"version-history":[{"count":23,"href":"https:\/\/qware-banking.com\/fr\/wp-json\/wp\/v2\/pages\/2971\/revisions"}],"predecessor-version":[{"id":3078,"href":"https:\/\/qware-banking.com\/fr\/wp-json\/wp\/v2\/pages\/2971\/revisions\/3078"}],"wp:attachment":[{"href":"https:\/\/qware-banking.com\/fr\/wp-json\/wp\/v2\/media?parent=2971"}],"curies":[{"name":"wp","href":"https:\/\/api.w.org\/{rel}","templated":true}]}}