{"id":757,"date":"2014-09-12T10:30:07","date_gmt":"2014-09-12T10:30:07","guid":{"rendered":"http:\/\/104.131.255.213\/specular\/business2\/?page_id=757"},"modified":"2021-03-08T08:38:10","modified_gmt":"2021-03-08T08:38:10","slug":"our-services","status":"publish","type":"page","link":"https:\/\/qware-banking.com\/fr\/our-services\/","title":{"rendered":"Nos services"},"content":{"rendered":"<div id=\"fws_69ee3a1a4d0c4\" class=\"vc_row wpb_row vc_row-fluid  animate_onoffset row-dynamic-el standard_section\" style=\"\" ><div  style=\"position: absolute;top: 0;\"><\/div><div class=\"container  dark\"><div class=\"section_clear\">\n\t<div class=\"vc_col-sm-12 wpb_column column_container\" style=\"\" data-animation=\"none\" data-delay=\"\">\n\t\t\t<div class=\"wpb_wrapper\">\n\t\t\t\t<div class=\"vc_custom_heading wpb_content_element\" ><h2 style=\"font-size: 28px;color: #555555;line-height: 40px;text-align: center\" >Le Core-Banking SaaS qui vous permet de vous d\u00e9velopper<\/h2><\/div><div class=\"vc_separator wpb_content_element vc_separator_align_left vc_sep_width_100 vc_sep_pos_align_right vc_sep_color_grey vc_separator-has-text\" ><span class=\"vc_sep_holder vc_sep_holder_l\"><span  class=\"vc_sep_line\"><\/span><\/span><div \tclass=\"vc_icon_element vc_icon_element-outer vc_icon_element-align-left\">\n\t<div class=\"vc_icon_element-inner vc_icon_element-color-custom vc_icon_element-size-md vc_icon_element-style- vc_icon_element-background-color-grey\">\n\t\t<span class=\"vc_icon_element-icon vc-material vc-material-border_color\" style=\"color:#d9b510 !important\"><\/span><\/div>\n<\/div>\n<h4>Embarquement<\/h4><span class=\"vc_sep_holder vc_sep_holder_r\"><span  class=\"vc_sep_line\"><\/span><\/span>\n<\/div>\n\t<div class=\"wpb_text_column wpb_content_element\">\n\t\t<div class=\"wpb_wrapper\" >\n\t\t\t<p>Parce que nous comprenons que les capacit\u00e9s des entreprises diff\u00e8rent et que certains projets n\u00e9cessitent un soutien suppl\u00e9mentaire, nous sommes pr\u00eats \u00e0 vous aider d\u00e8s le d\u00e9but avec une \u00e9quipe d'experts d\u00e9di\u00e9e. Ensemble, nous \u00e9valuons le bon moment et les efforts \u00e0 fournir pour votre installation.<\/p>\n<p>Un processus d'onboarding simple et fluide - nous vous guidons \u00e0 chaque \u00e9tape de votre transformation num\u00e9rique, de l'adoption de la plateforme \u00e0 la formation du personnel.<\/p>\n<p>Un pack d'assistance en ligne compl\u00e9mentaire pour l'onboarding et pour vous aider \u00e0 comprendre les futures mises \u00e0 niveau.<\/p>\n\n\t\t<\/div> \n\t<\/div> <div class=\"vc_separator wpb_content_element vc_separator_align_left vc_sep_width_100 vc_sep_pos_align_center vc_sep_color_grey vc_separator-has-text\" ><span class=\"vc_sep_holder vc_sep_holder_l\"><span  class=\"vc_sep_line\"><\/span><\/span><div \tclass=\"vc_icon_element vc_icon_element-outer vc_icon_element-align-left\">\n\t<div class=\"vc_icon_element-inner vc_icon_element-color-custom vc_icon_element-size-md vc_icon_element-style- vc_icon_element-background-color-grey\">\n\t\t<span class=\"vc_icon_element-icon vc-material vc-material-attach_money\" style=\"color:#d9b510 !important\"><\/span><\/div>\n<\/div>\n<h4>Fixation des prix<\/h4><span class=\"vc_sep_holder vc_sep_holder_r\"><span  class=\"vc_sep_line\"><\/span><\/span>\n<\/div>\n\t<div class=\"wpb_text_column wpb_content_element\">\n\t\t<div class=\"wpb_wrapper\" >\n\t\t\t<p>\u00c9liminez les frais d'h\u00e9bergement sur site et de gestion de l'infrastructure.<\/p>\n<p>Utilisez des solutions dont l'\u00e9chelle et le prix s'adaptent \u00e0 votre croissance - payez pour des fonctionnalit\u00e9s bancaires de base avanc\u00e9es adapt\u00e9es \u00e0 la taille actuelle de votre \u00e9tablissement, sans faire de compromis sur la puissance de votre logiciel, qui s'adaptera sans effort \u00e0 la croissance future de votre entreprise.<\/p>\n<p>Une tarification transparente permet \u00e0 votre entreprise de se d\u00e9velopper naturellement, sans grever vos finances, tout en r\u00e9duisant vos co\u00fbts d'exploitation.<\/p>\n<p>Vous payez une redevance annuelle bas\u00e9e sur les fonctionnalit\u00e9s standard et les fonctionnalit\u00e9s suppl\u00e9mentaires que vous choisissez, et \u00e9chelonn\u00e9e en fonction du nombre de vos clients.<\/p>\n<p>En plus de la version standard, des modules optionnels sont disponibles. Ceux-ci peuvent \u00eatre int\u00e9gr\u00e9s au syst\u00e8me et au paquet total \u00e0 un co\u00fbt fixe, pour une planification et un contr\u00f4le financiers clairs.<\/p>\n<p>Nous nous ferons un plaisir de vous conseiller sur la solution Internet la plus appropri\u00e9e pour r\u00e9pondre aux besoins de votre entreprise et \u00e9voluer en cons\u00e9quence.<\/p>\n\n\t\t<\/div> \n\t<\/div> <div class=\"vc_separator wpb_content_element vc_separator_align_left vc_sep_width_100 vc_sep_pos_align_right vc_sep_color_grey vc_separator-has-text\" ><span class=\"vc_sep_holder vc_sep_holder_l\"><span  class=\"vc_sep_line\"><\/span><\/span><div \tclass=\"vc_icon_element vc_icon_element-outer vc_icon_element-align-left\">\n\t<div class=\"vc_icon_element-inner vc_icon_element-color-custom vc_icon_element-size-md vc_icon_element-style- vc_icon_element-background-color-grey\">\n\t\t<span class=\"vc_icon_element-icon vc-material vc-material-check_circle\" style=\"color:#d9b510 !important\"><\/span><\/div>\n<\/div>\n<h4>Efficacit\u00e9 des processus<\/h4><span class=\"vc_sep_holder vc_sep_holder_r\"><span  class=\"vc_sep_line\"><\/span><\/span>\n<\/div>\n\t<div class=\"wpb_text_column wpb_content_element\">\n\t\t<div class=\"wpb_wrapper\" >\n\t\t\t<p>L'efficacit\u00e9 est essentielle, et la technologie est le pilier de la gestion d'une telle entreprise. Gr\u00e2ce \u00e0 des flux de travail int\u00e9gr\u00e9s qui permettent des op\u00e9rations standardis\u00e9es et efficaces, QWare rend le travail beaucoup plus facile.<\/p>\n<p>Gr\u00e2ce \u00e0 une gestion simple des processus d'entreprise avec des flux de travail standard, et en permettant la cr\u00e9ation de rapports automatis\u00e9s et le traitement en temps r\u00e9el, vous disposez d'une solution d'entreprise int\u00e9gr\u00e9e qui va rationaliser les co\u00fbts et d\u00e9velopper la croissance.<\/p>\n\n\t\t<\/div> \n\t<\/div> <div class=\"vc_separator wpb_content_element vc_separator_align_left vc_sep_width_100 vc_sep_pos_align_right vc_sep_color_grey vc_separator-has-text\" ><span class=\"vc_sep_holder vc_sep_holder_l\"><span  class=\"vc_sep_line\"><\/span><\/span><div \tclass=\"vc_icon_element vc_icon_element-outer vc_icon_element-align-left\">\n\t<div class=\"vc_icon_element-inner vc_icon_element-color-custom vc_icon_element-size-md vc_icon_element-style- vc_icon_element-background-color-grey\">\n\t\t<span class=\"vc_icon_element-icon vc-material vc-material-data_usage\" style=\"color:#d9b510 !important\"><\/span><\/div>\n<\/div>\n<h4>Gestion des risques<\/h4><span class=\"vc_sep_holder vc_sep_holder_r\"><span  class=\"vc_sep_line\"><\/span><\/span>\n<\/div>\n\t<div class=\"wpb_text_column wpb_content_element\">\n\t\t<div class=\"wpb_wrapper\" >\n\t\t\t<p>Nous avons construit notre logiciel sur des bases solides, avec une architecture conforme au r\u00e8glement europ\u00e9en sur la protection des donn\u00e9es (GDPR), en suivant les meilleures pratiques et les mod\u00e8les test\u00e9s depuis de nombreuses ann\u00e9es dans nos projets mis en \u0153uvre dans le monde entier.<\/p>\n<p>Le contr\u00f4le des risques est au c\u0153ur de notre approche, tout comme l'int\u00e9grit\u00e9 des donn\u00e9es.<\/p>\n<p>L'extraction simple des donn\u00e9es et les rapports pertinents soutiennent les d\u00e9cisions commerciales et la d\u00e9finition de la strat\u00e9gie.<\/p>\n\n\t\t<\/div> \n\t<\/div> <div class=\"vc_separator wpb_content_element vc_separator_align_left vc_sep_width_100 vc_sep_pos_align_right vc_sep_color_grey vc_separator-has-text\" ><span class=\"vc_sep_holder vc_sep_holder_l\"><span  class=\"vc_sep_line\"><\/span><\/span><div \tclass=\"vc_icon_element vc_icon_element-outer vc_icon_element-align-left\">\n\t<div class=\"vc_icon_element-inner vc_icon_element-color-custom vc_icon_element-size-md vc_icon_element-style- vc_icon_element-background-color-grey\">\n\t\t<span class=\"vc_icon_element-icon vc-material vc-material-cloud_done\" style=\"color:#d9b510 !important\"><\/span><\/div>\n<\/div>\n<h4>Plate-forme<\/h4><span class=\"vc_sep_holder vc_sep_holder_r\"><span  class=\"vc_sep_line\"><\/span><\/span>\n<\/div>\n\t<div class=\"wpb_text_column wpb_content_element\">\n\t\t<div class=\"wpb_wrapper\" >\n\t\t\t<p>En tant que solution bancaire centrale dans le cloud, QWare est un logiciel sophistiqu\u00e9 et compact pour votre entreprise que n'importe quelle \u00e9quipe peut comprendre et utiliser, apportant la transparence gr\u00e2ce \u00e0 un outil pratique.<\/p>\n<p>Nos efforts consid\u00e9rables de personnalisation, nos garanties d'int\u00e9gration d'API et notre facilit\u00e9 d'adaptation en font une plateforme avanc\u00e9e qui peut s'adapter \u00e0 toutes les tailles d'entreprise, aujourd'hui et \u00e0 l'avenir.<\/p>\n<p>La conception modulaire et le cadre \u00e9volutif permettent des d\u00e9ploiements progressifs, faisant de QWare une infrastructure informatique efficace et flexible.<\/p>\n<p>Notre interface utilisateur intuitive est soutenue par un logiciel avanc\u00e9 aux fonctionnalit\u00e9s \u00e9tendues, permettant une utilisation simple pour des possibilit\u00e9s complexes.<\/p>\n\n\t\t<\/div> \n\t<\/div> <div class=\"vc_separator wpb_content_element vc_separator_align_left vc_sep_width_100 vc_sep_pos_align_right vc_sep_color_grey vc_separator-has-text\" ><span class=\"vc_sep_holder vc_sep_holder_l\"><span  class=\"vc_sep_line\"><\/span><\/span><div \tclass=\"vc_icon_element vc_icon_element-outer vc_icon_element-align-left\">\n\t<div class=\"vc_icon_element-inner vc_icon_element-color-custom vc_icon_element-size-md vc_icon_element-style- vc_icon_element-background-color-grey\">\n\t\t<span class=\"vc_icon_element-icon vc-material vc-material-phone_android\" style=\"color:#d9b510 !important\"><\/span><\/div>\n<\/div>\n<h4>Application sur le terrain (option)<\/h4><span class=\"vc_sep_holder vc_sep_holder_r\"><span  class=\"vc_sep_line\"><\/span><\/span>\n<\/div>\n\t<div class=\"wpb_text_column wpb_content_element\">\n\t\t<div class=\"wpb_wrapper\" >\n\t\t\t<p>QWare offre la possibilit\u00e9 d'int\u00e9grer une application de terrain, ajoutant ainsi un canal num\u00e9rique qui permet aux institutions financi\u00e8res d'atteindre autant de clients que possible en dehors de l'agence.<\/p>\n<p>L'application de terrain peut \u00eatre utilis\u00e9e par des employ\u00e9s ou des agents tiers autoris\u00e9s au nom de l'institution financi\u00e8re pour embarquer et suivre les clients pour les pr\u00eats et les produits de d\u00e9tail.<\/p>\n<p>Il est ainsi plus facile d'atteindre les clients dans les zones recul\u00e9es, \u00e0 tout moment et en tout lieu, ce qui permet de pr\u00e9server et d'accro\u00eetre la part de march\u00e9 et d'acc\u00e9l\u00e9rer l'inclusion financi\u00e8re.<\/p>\n\n\t\t<\/div> \n\t<\/div> <div class=\"wpb_content_element button\"><a  target=\"_blank\"  class=\"btn-bt align-left default\" href=\"https:\/\/qware-banking.com\/fr\/field-application\/\"><span>L'APPLICATION SUR LE TERRAIN EN D\u00c9TAIL<\/span><i class=\"\"><\/i><\/a><\/div>\n\t\t\t<\/div> \n\t<\/div> \n<\/div><\/div><\/div><div id=\"fws_69ee3a1a50284\" class=\"vc_row wpb_row vc_row-fluid  animate_onoffset row-dynamic-el standard_section\" style=\"background-color: #d9b510; \" ><div  style=\"position: absolute;top: 0;\"><\/div><div class=\"container  light\"><div class=\"section_clear\">\n\t<div class=\"vc_col-sm-12 wpb_column column_container\" style=\" background-color: #d9b510; \" data-animation=\"none\" data-delay=\"\">\n\t\t\t<div class=\"wpb_wrapper\">\n\t\t\t\t\n\t<div class=\"wpb_text_column wpb_content_element\">\n\t\t<div class=\"wpb_wrapper\" >\n\t\t\t\n\t\t<\/div> \n\t<\/div> <div class=\"wpb_content_element button\"><a  target=\"_blank\"  class=\"btn-bt align-center default\" href=\"https:\/\/qware-banking.com\/index.php\/request-a-demo\/\"><span>Demandez une d\u00e9monstration<\/span><i class=\"\"><\/i><\/a><\/div>\n\t<div class=\"wpb_text_column wpb_content_element\">\n\t\t<div class=\"wpb_wrapper\" >\n\t\t\t\n\t\t<\/div> \n\t<\/div> \n\t\t\t<\/div> \n\t<\/div> \n<\/div><\/div><\/div>","protected":false},"excerpt":{"rendered":"The SaaS Core-Banking that allows you to grow Onboarding As we understand that capacities of businesses differ, and some projects need additional support, we are ready to assist you from the very beginning with a dedicated team of experts. Together we assess the timeframe and effort suitable for your institution. Smooth and straightforward onboarding process [...]","protected":false},"author":1,"featured_media":0,"parent":0,"menu_order":0,"comment_status":"open","ping_status":"open","template":"","meta":{"_mi_skip_tracking":false,"_monsterinsights_sitenote_active":false,"_monsterinsights_sitenote_note":"","_monsterinsights_sitenote_category":0},"yoast_head":"<!-- This site is optimized with the Yoast SEO plugin v20.9 - https:\/\/yoast.com\/wordpress\/plugins\/seo\/ -->\r\n<title>Our Services - QWare Banking<\/title>\r\n<meta name=\"robots\" content=\"index, follow, max-snippet:-1, max-image-preview:large, max-video-preview:-1\" \/>\r\n<link rel=\"canonical\" href=\"https:\/\/qware-banking.com\/fr\/our-services\/\" \/>\r\n<meta property=\"og:locale\" content=\"fr_FR\" \/>\r\n<meta property=\"og:type\" content=\"article\" \/>\r\n<meta property=\"og:title\" content=\"Our Services - QWare Banking\" \/>\r\n<meta property=\"og:url\" content=\"https:\/\/qware-banking.com\/fr\/our-services\/\" \/>\r\n<meta property=\"og:site_name\" content=\"QWare Banking\" \/>\r\n<meta property=\"article:modified_time\" content=\"2021-03-08T08:38:10+00:00\" \/>\r\n<meta name=\"twitter:card\" content=\"summary_large_image\" \/>\r\n<meta name=\"twitter:label1\" content=\"Dur\u00e9e de lecture estim\u00e9e\" \/>\n\t<meta name=\"twitter:data1\" content=\"4 minutes\" \/>\r\n<script type=\"application\/ld+json\" class=\"yoast-schema-graph\">{\"@context\":\"https:\/\/schema.org\",\"@graph\":[{\"@type\":\"WebPage\",\"@id\":\"https:\/\/qware-banking.com\/our-services\/\",\"url\":\"https:\/\/qware-banking.com\/our-services\/\",\"name\":\"Our Services - QWare Banking\",\"isPartOf\":{\"@id\":\"https:\/\/qware-banking.com\/#website\"},\"datePublished\":\"2014-09-12T10:30:07+00:00\",\"dateModified\":\"2021-03-08T08:38:10+00:00\",\"breadcrumb\":{\"@id\":\"https:\/\/qware-banking.com\/our-services\/#breadcrumb\"},\"inLanguage\":\"fr-FR\",\"potentialAction\":[{\"@type\":\"ReadAction\",\"target\":[\"https:\/\/qware-banking.com\/our-services\/\"]}]},{\"@type\":\"BreadcrumbList\",\"@id\":\"https:\/\/qware-banking.com\/our-services\/#breadcrumb\",\"itemListElement\":[{\"@type\":\"ListItem\",\"position\":1,\"name\":\"Home\",\"item\":\"https:\/\/qware-banking.com\/\"},{\"@type\":\"ListItem\",\"position\":2,\"name\":\"Our Services\"}]},{\"@type\":\"WebSite\",\"@id\":\"https:\/\/qware-banking.com\/#website\",\"url\":\"https:\/\/qware-banking.com\/\",\"name\":\"QWare Banking\",\"description\":\"Your core banking solution in the cloud\",\"potentialAction\":[{\"@type\":\"SearchAction\",\"target\":{\"@type\":\"EntryPoint\",\"urlTemplate\":\"https:\/\/qware-banking.com\/?s={search_term_string}\"},\"query-input\":\"required name=search_term_string\"}],\"inLanguage\":\"fr-FR\"}]}<\/script>\r\n<!-- \/ Yoast SEO plugin. -->","yoast_head_json":{"title":"Our Services - QWare Banking","robots":{"index":"index","follow":"follow","max-snippet":"max-snippet:-1","max-image-preview":"max-image-preview:large","max-video-preview":"max-video-preview:-1"},"canonical":"https:\/\/qware-banking.com\/fr\/our-services\/","og_locale":"fr_FR","og_type":"article","og_title":"Our Services - QWare Banking","og_url":"https:\/\/qware-banking.com\/fr\/our-services\/","og_site_name":"QWare Banking","article_modified_time":"2021-03-08T08:38:10+00:00","twitter_card":"summary_large_image","twitter_misc":{"Dur\u00e9e de lecture estim\u00e9e":"4 minutes"},"schema":{"@context":"https:\/\/schema.org","@graph":[{"@type":"WebPage","@id":"https:\/\/qware-banking.com\/our-services\/","url":"https:\/\/qware-banking.com\/our-services\/","name":"Our Services - QWare Banking","isPartOf":{"@id":"https:\/\/qware-banking.com\/#website"},"datePublished":"2014-09-12T10:30:07+00:00","dateModified":"2021-03-08T08:38:10+00:00","breadcrumb":{"@id":"https:\/\/qware-banking.com\/our-services\/#breadcrumb"},"inLanguage":"fr-FR","potentialAction":[{"@type":"ReadAction","target":["https:\/\/qware-banking.com\/our-services\/"]}]},{"@type":"BreadcrumbList","@id":"https:\/\/qware-banking.com\/our-services\/#breadcrumb","itemListElement":[{"@type":"ListItem","position":1,"name":"Home","item":"https:\/\/qware-banking.com\/"},{"@type":"ListItem","position":2,"name":"Our Services"}]},{"@type":"WebSite","@id":"https:\/\/qware-banking.com\/#website","url":"https:\/\/qware-banking.com\/","name":"QWare Banking","description":"Your core banking solution in the cloud","potentialAction":[{"@type":"SearchAction","target":{"@type":"EntryPoint","urlTemplate":"https:\/\/qware-banking.com\/?s={search_term_string}"},"query-input":"required name=search_term_string"}],"inLanguage":"fr-FR"}]}},"_links":{"self":[{"href":"https:\/\/qware-banking.com\/fr\/wp-json\/wp\/v2\/pages\/757"}],"collection":[{"href":"https:\/\/qware-banking.com\/fr\/wp-json\/wp\/v2\/pages"}],"about":[{"href":"https:\/\/qware-banking.com\/fr\/wp-json\/wp\/v2\/types\/page"}],"author":[{"embeddable":true,"href":"https:\/\/qware-banking.com\/fr\/wp-json\/wp\/v2\/users\/1"}],"replies":[{"embeddable":true,"href":"https:\/\/qware-banking.com\/fr\/wp-json\/wp\/v2\/comments?post=757"}],"version-history":[{"count":38,"href":"https:\/\/qware-banking.com\/fr\/wp-json\/wp\/v2\/pages\/757\/revisions"}],"predecessor-version":[{"id":3074,"href":"https:\/\/qware-banking.com\/fr\/wp-json\/wp\/v2\/pages\/757\/revisions\/3074"}],"wp:attachment":[{"href":"https:\/\/qware-banking.com\/fr\/wp-json\/wp\/v2\/media?parent=757"}],"curies":[{"name":"wp","href":"https:\/\/api.w.org\/{rel}","templated":true}]}}