{"id":83,"date":"2014-09-12T09:58:03","date_gmt":"2014-09-12T09:58:03","guid":{"rendered":"http:\/\/104.131.255.213\/specular\/business2\/?page_id=83"},"modified":"2024-03-05T15:20:52","modified_gmt":"2024-03-05T15:20:52","slug":"about-us","status":"publish","type":"page","link":"https:\/\/qware-banking.com\/fr\/about-us\/","title":{"rendered":"\u00c0 propos de nous"},"content":{"rendered":"<div id=\"fws_69ea4a69d6934\" class=\"vc_row wpb_row vc_row-fluid  animate_onoffset row-dynamic-el standard_section\" style=\"\" ><div  style=\"position: absolute;top: 0;\"><\/div><div class=\"container  dark\"><div class=\"section_clear\">\n\t<div class=\"vc_col-sm-8 wpb_column column_container centered_col\" style=\"\" data-animation=\"none\" data-delay=\"\">\n\t\t\t<div class=\"wpb_wrapper\">\n\t\t\t\t\n\t<div class=\"wpb_text_column wpb_content_element\">\n\t\t<div class=\"wpb_wrapper\" >\n\t\t\t<p style=\"text-align: left;\">Forts de notre longue exp\u00e9rience, nous savons que la d\u00e9cision de changer de syst\u00e8me bancaire ou de choisir celui qui r\u00e9pond le mieux \u00e0 vos besoins est tr\u00e8s difficile \u00e0 prendre et demande beaucoup de ressources. Gr\u00e2ce \u00e0 notre expertise dans le d\u00e9veloppement de syst\u00e8mes bancaires et de paiement de base, associ\u00e9e \u00e0 plus de 35 ans de succ\u00e8s dans la fourniture de solutions de haute qualit\u00e9 et le renforcement des capacit\u00e9s syst\u00e9miques dans les domaines des PME, de l'agriculture, de la finance inclusive et du climat dans les march\u00e9s \u00e9mergents, nous avons pris conscience de la diversit\u00e9 des syst\u00e8mes sur le march\u00e9 et de la complexit\u00e9 et de l'impact de telles d\u00e9cisions.<\/p>\n<p style=\"text-align: left;\">Par cons\u00e9quent, avec QWare et votre \u00e9quipe d\u00e9di\u00e9e, vous serez non seulement assist\u00e9 dans la gestion de vos clients, de vos op\u00e9rations quotidiennes et de votre activit\u00e9 financi\u00e8re globale, mais vous obtiendrez \u00e9galement le soutien dont vous avez besoin dans votre processus de prise de d\u00e9cision.<\/p>\n<p style=\"text-align: left;\">Des responsables du d\u00e9veloppement commercial aux responsables techniques, vous avez acc\u00e8s \u00e0 des informations et \u00e0 une documentation compl\u00e8tes afin de pouvoir choisir en toute confiance.<\/p>\n<p style=\"text-align: left;\">Notre objectif est de soutenir la transformation num\u00e9rique de votre institution, ainsi que l'inclusion financi\u00e8re, en acc\u00e9l\u00e9rant l'adoption du cloud et en ayant un impact en permettant \u00e0 vos clients finaux de d\u00e9velopper leur activit\u00e9.<\/p>\n\n\t\t<\/div> \n\t<\/div> <div class=\"vc_separator wpb_content_element vc_separator_align_center vc_sep_width_100 vc_sep_pos_align_center vc_separator_no_text vc_sep_color_grey\" ><span class=\"vc_sep_holder vc_sep_holder_l\"><span  class=\"vc_sep_line\"><\/span><\/span><span class=\"vc_sep_holder vc_sep_holder_r\"><span  class=\"vc_sep_line\"><\/span><\/span>\n<\/div>\n\t\t\t<\/div> \n\t<\/div> \n\n\t<div class=\"vc_col-sm-4 wpb_column column_container\" style=\"\" data-animation=\"none\" data-delay=\"\">\n\t\t\t<div class=\"wpb_wrapper\">\n\t\t\t\t<div class=\"wpb_content_element media_align_right media media_el animate_onoffset\"><div class=\"media_wrapper\" ><img src=\"\/wp-content\/uploads\/2021\/07\/qware-post.png\" alt=\"Alt Text\" class=\"type_image animated fadeInLeft alignment_right\" \/><\/div><\/div><div class=\"wpb_content_element button\"><a  target=\"_blank\"  class=\"btn-bt align-right default\" href=\"https:\/\/qware-banking.com\/index.php\/request-a-demo\/\"><span>Demandez une d\u00e9monstration<\/span><i class=\"steadysets-icon-laptop\"><\/i><\/a><\/div>\n\t\t\t<\/div> \n\t<\/div> \n<\/div><\/div><\/div>","protected":false},"excerpt":{"rendered":"Leveraging on our long-term experience, we know that making the decision to change your banking system or deciding which one will best serve your needs is a very difficult and resource consuming one. From our expertise in developing core banking and payment systems, coupled with over 35 years in successfully delivering high-quality solutions and systemic [...]","protected":false},"author":1,"featured_media":0,"parent":0,"menu_order":0,"comment_status":"open","ping_status":"open","template":"","meta":{"_mi_skip_tracking":false,"_monsterinsights_sitenote_active":false,"_monsterinsights_sitenote_note":"","_monsterinsights_sitenote_category":0},"yoast_head":"<!-- This site is optimized with the Yoast SEO plugin v20.9 - https:\/\/yoast.com\/wordpress\/plugins\/seo\/ -->\r\n<title>About Us - QWare Banking<\/title>\r\n<meta name=\"robots\" content=\"index, follow, max-snippet:-1, max-image-preview:large, max-video-preview:-1\" \/>\r\n<link rel=\"canonical\" href=\"https:\/\/qware-banking.com\/fr\/about-us\/\" \/>\r\n<meta property=\"og:locale\" content=\"fr_FR\" \/>\r\n<meta property=\"og:type\" content=\"article\" \/>\r\n<meta property=\"og:title\" content=\"About Us - QWare Banking\" \/>\r\n<meta property=\"og:url\" content=\"https:\/\/qware-banking.com\/fr\/about-us\/\" \/>\r\n<meta property=\"og:site_name\" content=\"QWare Banking\" \/>\r\n<meta property=\"article:modified_time\" content=\"2024-03-05T15:20:52+00:00\" \/>\r\n<meta name=\"twitter:card\" content=\"summary_large_image\" \/>\r\n<meta name=\"twitter:label1\" content=\"Dur\u00e9e de lecture estim\u00e9e\" \/>\n\t<meta name=\"twitter:data1\" content=\"1 minute\" \/>\r\n<script type=\"application\/ld+json\" class=\"yoast-schema-graph\">{\"@context\":\"https:\/\/schema.org\",\"@graph\":[{\"@type\":\"WebPage\",\"@id\":\"https:\/\/qware-banking.com\/about-us\/\",\"url\":\"https:\/\/qware-banking.com\/about-us\/\",\"name\":\"About Us - QWare Banking\",\"isPartOf\":{\"@id\":\"https:\/\/qware-banking.com\/#website\"},\"datePublished\":\"2014-09-12T09:58:03+00:00\",\"dateModified\":\"2024-03-05T15:20:52+00:00\",\"breadcrumb\":{\"@id\":\"https:\/\/qware-banking.com\/about-us\/#breadcrumb\"},\"inLanguage\":\"fr-FR\",\"potentialAction\":[{\"@type\":\"ReadAction\",\"target\":[\"https:\/\/qware-banking.com\/about-us\/\"]}]},{\"@type\":\"BreadcrumbList\",\"@id\":\"https:\/\/qware-banking.com\/about-us\/#breadcrumb\",\"itemListElement\":[{\"@type\":\"ListItem\",\"position\":1,\"name\":\"Home\",\"item\":\"https:\/\/qware-banking.com\/\"},{\"@type\":\"ListItem\",\"position\":2,\"name\":\"About Us\"}]},{\"@type\":\"WebSite\",\"@id\":\"https:\/\/qware-banking.com\/#website\",\"url\":\"https:\/\/qware-banking.com\/\",\"name\":\"QWare Banking\",\"description\":\"Your core banking solution in the cloud\",\"potentialAction\":[{\"@type\":\"SearchAction\",\"target\":{\"@type\":\"EntryPoint\",\"urlTemplate\":\"https:\/\/qware-banking.com\/?s={search_term_string}\"},\"query-input\":\"required name=search_term_string\"}],\"inLanguage\":\"fr-FR\"}]}<\/script>\r\n<!-- \/ Yoast SEO plugin. -->","yoast_head_json":{"title":"About Us - QWare Banking","robots":{"index":"index","follow":"follow","max-snippet":"max-snippet:-1","max-image-preview":"max-image-preview:large","max-video-preview":"max-video-preview:-1"},"canonical":"https:\/\/qware-banking.com\/fr\/about-us\/","og_locale":"fr_FR","og_type":"article","og_title":"About Us - QWare Banking","og_url":"https:\/\/qware-banking.com\/fr\/about-us\/","og_site_name":"QWare Banking","article_modified_time":"2024-03-05T15:20:52+00:00","twitter_card":"summary_large_image","twitter_misc":{"Dur\u00e9e de lecture estim\u00e9e":"1 minute"},"schema":{"@context":"https:\/\/schema.org","@graph":[{"@type":"WebPage","@id":"https:\/\/qware-banking.com\/about-us\/","url":"https:\/\/qware-banking.com\/about-us\/","name":"About Us - QWare Banking","isPartOf":{"@id":"https:\/\/qware-banking.com\/#website"},"datePublished":"2014-09-12T09:58:03+00:00","dateModified":"2024-03-05T15:20:52+00:00","breadcrumb":{"@id":"https:\/\/qware-banking.com\/about-us\/#breadcrumb"},"inLanguage":"fr-FR","potentialAction":[{"@type":"ReadAction","target":["https:\/\/qware-banking.com\/about-us\/"]}]},{"@type":"BreadcrumbList","@id":"https:\/\/qware-banking.com\/about-us\/#breadcrumb","itemListElement":[{"@type":"ListItem","position":1,"name":"Home","item":"https:\/\/qware-banking.com\/"},{"@type":"ListItem","position":2,"name":"About Us"}]},{"@type":"WebSite","@id":"https:\/\/qware-banking.com\/#website","url":"https:\/\/qware-banking.com\/","name":"QWare Banking","description":"Your core banking solution in the cloud","potentialAction":[{"@type":"SearchAction","target":{"@type":"EntryPoint","urlTemplate":"https:\/\/qware-banking.com\/?s={search_term_string}"},"query-input":"required name=search_term_string"}],"inLanguage":"fr-FR"}]}},"_links":{"self":[{"href":"https:\/\/qware-banking.com\/fr\/wp-json\/wp\/v2\/pages\/83"}],"collection":[{"href":"https:\/\/qware-banking.com\/fr\/wp-json\/wp\/v2\/pages"}],"about":[{"href":"https:\/\/qware-banking.com\/fr\/wp-json\/wp\/v2\/types\/page"}],"author":[{"embeddable":true,"href":"https:\/\/qware-banking.com\/fr\/wp-json\/wp\/v2\/users\/1"}],"replies":[{"embeddable":true,"href":"https:\/\/qware-banking.com\/fr\/wp-json\/wp\/v2\/comments?post=83"}],"version-history":[{"count":38,"href":"https:\/\/qware-banking.com\/fr\/wp-json\/wp\/v2\/pages\/83\/revisions"}],"predecessor-version":[{"id":16043,"href":"https:\/\/qware-banking.com\/fr\/wp-json\/wp\/v2\/pages\/83\/revisions\/16043"}],"wp:attachment":[{"href":"https:\/\/qware-banking.com\/fr\/wp-json\/wp\/v2\/media?parent=83"}],"curies":[{"name":"wp","href":"https:\/\/api.w.org\/{rel}","templated":true}]}}